

{"id":3291,"date":"2014-12-08T17:59:30","date_gmt":"2014-12-08T17:59:30","guid":{"rendered":"https:\/\/aprendeconamigos.com\/contacta-con-nosotros\/"},"modified":"2014-12-08T17:59:30","modified_gmt":"2014-12-08T17:59:30","slug":"contacta-con-nosotros","status":"publish","type":"page","link":"https:\/\/aprendeconamigos.com\/es\/contacta-con-nosotros\/","title":{"rendered":"Contacta con nosotros"},"content":{"rendered":"[vc_row type=\u00bbin_container\u00bb full_screen_row_position=\u00bbmiddle\u00bb scene_position=\u00bbcenter\u00bb text_color=\u00bbdark\u00bb text_align=\u00bbleft\u00bb overlay_strength=\u00bb0.3&#8243;][vc_column column_padding=\u00bbno-extra-padding\u00bb column_padding_position=\u00bball\u00bb background_color_opacity=\u00bb1&#8243; background_hover_color_opacity=\u00bb1&#8243; width=\u00bb2\/3&#8243; tablet_text_alignment=\u00bbdefault\u00bb phone_text_alignment=\u00bbdefault\u00bb][nectar_gmap zoom=\u00bb13&#8243; enable_zoom=\u00bb1&#8243; marker_image=\u00bb2726&#8243; marker_animation=\u00bb1&#8243; map_greyscale=\u00bb1&#8243; map_color=\u00bb#b4d56a\u00bb size=\u00bb600&#8243; map_markers=\u00bb45.5591019|-122.6845146|Overlook Location &#8211; 5206 N. Interstate Ave. 45.55852|-122.62068|Cully Address &#8211; 4905 NE 42nd Avenue.\u00bb map_center_lat=\u00bb  45.56274082590027&#8243; map_center_lng=\u00bb-122.643838581218&#8243;][\/vc_column][vc_column column_padding=\u00bbno-extra-padding\u00bb column_padding_position=\u00bball\u00bb background_color_opacity=\u00bb1&#8243; background_hover_color_opacity=\u00bb1&#8243; width=\u00bb1\/3&#8243; tablet_text_alignment=\u00bbdefault\u00bb phone_text_alignment=\u00bbdefault\u00bb][vc_column_text]\u00a1Actualmente estamos matriculando a nuevos alumnos!<\/p>\n<p><span class=\"style1\">Para una respuesta m\u00e1s r\u00e1pida, env\u00edanos un correo electr\u00f3nico con tus preguntas.<\/span><\/p>\n<div><b>Escuela Overlook:<\/b> Tuly Novoa: <a class=\"textEditor-link\" href=\"mailto:laura@aprendeconamigos.com\" target=\"_blank\" rel=\"nofollow noopener noreferrer\" data-is-link=\"mailto:laura@aprendeconamigos.com\"><br \/>\n  <u>tuly@aprendeconamigos.com<\/u><br \/>\n<\/a><\/div>\n<div><\/div>\n<div><b>Escuela Cully:<\/b> Teresa Hern\u00e1ndez: <a class=\"textEditor-link\" href=\"mailto:teresa@aprendeconamigos.com\" target=\"_blank\" rel=\"nofollow noopener noreferrer\" data-is-link=\"mailto:teresa@aprendeconamigos.com\"><br \/>\n  <u>teresa@aprendeconamigos.com<\/u><br \/>\n<\/a><\/div>\n<div><\/div>\n<div>Para cualquier <b>consulta sobre la inscripci\u00f3n:<\/b> Por favor, env\u00eda un correo electr\u00f3nico a Stacey a <a href=\"mailto:info@aprendeconamigos.com\">info@aprendeconamigos.com<\/a><\/div>\n<p><span class=\"style4\">Cuando nos env\u00edes un correo electr\u00f3nico, incluye tu nombre y apellidos y un n\u00famero de tel\u00e9fono donde podamos localizarte.<\/span><\/p>\n<p><span class=\"style1\"><span style=\"font-family: 'Georgia','serif'; color: #333333;\">Direcci\u00f3n de Overlook: 5206 N. Interstate Avenue, Portland, Oreg\u00f3n 97217<\/span><\/span><\/p>\n<p class=\"style4\" style=\"font-variant-ligatures: normal; font-variant-caps: normal; orphans: 2; text-align: start; widows: 2; -webkit-text-stroke-width: 0px; word-spacing: 0px;\"><span style=\"font-family: 'Georgia','serif'; color: #333333;\">Direcci\u00f3n de Cully: 4905 NE 42nd Avenue, Portland, Oreg\u00f3n 97218<\/span><\/p>\n[\/vc_column_text][\/vc_column][\/vc_row]\n","protected":false},"excerpt":{"rendered":"<p>[vc_row type=\u00bbin_container\u00bb full_screen_row_position=\u00bbmiddle\u00bb scene_position=\u00bbcenter\u00bb text_color=\u00bbdark\u00bb text_align=\u00bbleft\u00bb overlay_strength=\u00bb0.3&#8243;][vc_column column_padding=\u00bbno-extra-padding\u00bb column_padding_position=\u00bball\u00bb background_color_opacity=\u00bb1&#8243; background_hover_color_opacity=\u00bb1&#8243; width=\u00bb2\/3&#8243; tablet_text_alignment=\u00bbdefault\u00bb phone_text_alignment=\u00bbdefault\u00bb][nectar_gmap zoom=\u00bb13&#8243; enable_zoom=\u00bb1&#8243; marker_image=\u00bb2726&#8243; marker_animation=\u00bb1&#8243; map_greyscale=\u00bb1&#8243; map_color=\u00bb#b4d56a\u00bb size=\u00bb600&#8243; map_markers=\u00bb45.5591019|-122.6845146|Overlook Location &#8211; 5206 N. Interstate Ave. 45.55852|-122.62068|Cully Address&#8230;<\/p>\n","protected":false},"author":1,"featured_media":0,"parent":0,"menu_order":0,"comment_status":"closed","ping_status":"closed","template":"","meta":{"jetpack_post_was_ever_published":false,"footnotes":""},"class_list":["post-3291","page","type-page","status-publish","hentry"],"jetpack_sharing_enabled":true,"jetpack_shortlink":"https:\/\/wp.me\/P6SqU3-R5","jetpack-related-posts":[{"id":36,"url":"https:\/\/aprendeconamigos.com\/daily-routine\/","url_meta":{"origin":3291,"position":0},"title":"Daily Routine","author":"admin","date":"8 de diciembre de 2014","format":false,"excerpt":"Daily Routine At Aprende con Amigos, we understand\u00a0that children learn best and feel happiest in a calm, predictable and engaging environment. Our daily routine is designed to do just that and much more.Our teachers understand and value the importance of mixed-age and focused-age groups. Therefore, our daily routine allows children\u2026","rel":"","context":"Entrada similar","block_context":{"text":"Entrada similar","link":""},"img":{"alt_text":"","src":"https:\/\/i0.wp.com\/aprendeconamigos.com\/wp-content\/uploads\/2024\/07\/Caballitos-at-Overlook-1024x720.jpg?resize=350%2C200","width":350,"height":200,"srcset":"https:\/\/i0.wp.com\/aprendeconamigos.com\/wp-content\/uploads\/2024\/07\/Caballitos-at-Overlook-1024x720.jpg?resize=350%2C200 1x, https:\/\/i0.wp.com\/aprendeconamigos.com\/wp-content\/uploads\/2024\/07\/Caballitos-at-Overlook-1024x720.jpg?resize=525%2C300 1.5x, https:\/\/i0.wp.com\/aprendeconamigos.com\/wp-content\/uploads\/2024\/07\/Caballitos-at-Overlook-1024x720.jpg?resize=700%2C400 2x"},"classes":[]},{"id":3410,"url":"https:\/\/aprendeconamigos.com\/educational-approach\/","url_meta":{"origin":3291,"position":1},"title":"Educational Approach","author":"amrit","date":"13 de julio de 2024","format":false,"excerpt":"Spanish Language Acquisition Our teaching approach\u00a0at Aprende con Amigos, is driven by a variety of research, teaching experience and theories, but Gardner\u2019s theory of Multiple Intelligences is embedded in all we do.\u00a0 His theory identifies seven intelligences including: linguistic, logical-mathematical, musical, bodily-kinesthetic, spatial, interpersonal, and intrapersonal.\u00a0 Although most schools only\u2026","rel":"","context":"Entrada similar","block_context":{"text":"Entrada similar","link":""},"img":{"alt_text":"","src":"https:\/\/i0.wp.com\/aprendeconamigos.com\/wp-content\/uploads\/2024\/07\/access-to-child-care-1024x849.jpg?resize=350%2C200","width":350,"height":200,"srcset":"https:\/\/i0.wp.com\/aprendeconamigos.com\/wp-content\/uploads\/2024\/07\/access-to-child-care-1024x849.jpg?resize=350%2C200 1x, https:\/\/i0.wp.com\/aprendeconamigos.com\/wp-content\/uploads\/2024\/07\/access-to-child-care-1024x849.jpg?resize=525%2C300 1.5x, https:\/\/i0.wp.com\/aprendeconamigos.com\/wp-content\/uploads\/2024\/07\/access-to-child-care-1024x849.jpg?resize=700%2C400 2x"},"classes":[]},{"id":3314,"url":"https:\/\/aprendeconamigos.com\/es\/aprende-con-amigos-preescolar-de-inmersion-en-espanol\/","url_meta":{"origin":3291,"position":2},"title":"Aprende con Amigos | Preescolar de Inmersi\u00f3n en Espa\u00f1ol","author":"admin","date":"20 de mayo de 2014","format":false,"excerpt":"[vc_row type=\"full_width_background\" full_screen_row_position=\"middle\" mouse_based_parallax_bg=\"true\" scene_position=\"center\" mouse_sensitivity=\"19\" layer_one_image=\"2705\" layer_one_strength=\"0.11\" layer_two_strength=\"0.24\" layer_three_image=\"2623\" layer_three_strength=\"0.5\" text_color=\"light\" text_align=\"center\" top_padding=\"22%\" bottom_padding=\"18%\" overlay_strength=\"0.3\"][vc_column column_padding=\"no-extra-padding\" column_padding_position=\"all\" background_color_opacity=\"1\" background_hover_color_opacity=\"1\" width=\"1\/1\" tablet_text_alignment=\"default\" phone_text_alignment=\"default\"][vc_column_text] Preescolar de inmersi\u00f3n en espa\u00f1ol Ubicaciones en los barrios de Overlook y Cully de Portland, Oreg\u00f3n. [\/vc_column_text][\/vc_column][\/vc_row][vc_row type=\"in_container\" full_screen_row_position=\"middle\" scene_position=\"center\" text_color=\"dark\" text_align=\"left\" top_padding=\"1\" bottom_padding=\"1\" id=\"scroll\" overlay_strength=\"0.3\"][vc_column centered_text=\"true\"\u2026","rel":"","context":"Entrada similar","block_context":{"text":"Entrada similar","link":""},"img":{"alt_text":"","src":"","width":0,"height":0},"classes":[]},{"id":3326,"url":"https:\/\/aprendeconamigos.com\/es\/profesorado-nuevo\/","url_meta":{"origin":3291,"position":3},"title":"Profesorado nuevo","author":"amrit","date":"3 de julio de 2024","format":false,"excerpt":"STACEY DUNBAR Propietario Lorem ipsum dolor sit amet, consectetur adipiscing elit. Ut elit tellus, luctus nec ullamcorper mattis, pulvinar dapibus leo. \"TULY\" GERTRUDIS NOVOA GARCIA Propietario\/Director Tuly Novoa es una maestra de preescolar licenciada de Venezuela con amplia experiencia en educaci\u00f3n infantil. Ha trabajado con ni\u00f1os en diversos puestos, como\u2026","rel":"","context":"Entrada similar","block_context":{"text":"Entrada similar","link":""},"img":{"alt_text":"","src":"https:\/\/i0.wp.com\/aprendeconamigos.com\/wp-content\/uploads\/2022\/02\/Aspen-Center_lifestyle_9C2A2489-scaled.jpg?fit=1024%2C683&ssl=1&resize=350%2C200","width":350,"height":200,"srcset":"https:\/\/i0.wp.com\/aprendeconamigos.com\/wp-content\/uploads\/2022\/02\/Aspen-Center_lifestyle_9C2A2489-scaled.jpg?fit=1024%2C683&ssl=1&resize=350%2C200 1x, https:\/\/i0.wp.com\/aprendeconamigos.com\/wp-content\/uploads\/2022\/02\/Aspen-Center_lifestyle_9C2A2489-scaled.jpg?fit=1024%2C683&ssl=1&resize=525%2C300 1.5x, https:\/\/i0.wp.com\/aprendeconamigos.com\/wp-content\/uploads\/2022\/02\/Aspen-Center_lifestyle_9C2A2489-scaled.jpg?fit=1024%2C683&ssl=1&resize=700%2C400 2x"},"classes":[]},{"id":3333,"url":"https:\/\/aprendeconamigos.com\/faculty-2\/","url_meta":{"origin":3291,"position":4},"title":"Faculty","author":"amrit","date":"13 de julio de 2024","format":false,"excerpt":"Stacey Dunbar Owner Stacey Dunbar's teaching career spans over 25 years in the field of education. Born and raised in the Chicagoland area, her midwestern values of hard work, friendliness, and grit still are the cornerstone of every goal she sets and achieves. In addition, Stacey's degree in Early Elementary\u2026","rel":"","context":"Entrada similar","block_context":{"text":"Entrada similar","link":""},"img":{"alt_text":"","src":"https:\/\/i0.wp.com\/aprendeconamigos.com\/wp-content\/uploads\/2024\/08\/SKP_3110-1-819x1024.jpg?resize=350%2C200","width":350,"height":200,"srcset":"https:\/\/i0.wp.com\/aprendeconamigos.com\/wp-content\/uploads\/2024\/08\/SKP_3110-1-819x1024.jpg?resize=350%2C200 1x, https:\/\/i0.wp.com\/aprendeconamigos.com\/wp-content\/uploads\/2024\/08\/SKP_3110-1-819x1024.jpg?resize=525%2C300 1.5x, https:\/\/i0.wp.com\/aprendeconamigos.com\/wp-content\/uploads\/2024\/08\/SKP_3110-1-819x1024.jpg?resize=700%2C400 2x"},"classes":[]}],"_links":{"self":[{"href":"https:\/\/aprendeconamigos.com\/es\/wp-json\/wp\/v2\/pages\/3291","targetHints":{"allow":["GET"]}}],"collection":[{"href":"https:\/\/aprendeconamigos.com\/es\/wp-json\/wp\/v2\/pages"}],"about":[{"href":"https:\/\/aprendeconamigos.com\/es\/wp-json\/wp\/v2\/types\/page"}],"author":[{"embeddable":true,"href":"https:\/\/aprendeconamigos.com\/es\/wp-json\/wp\/v2\/users\/1"}],"replies":[{"embeddable":true,"href":"https:\/\/aprendeconamigos.com\/es\/wp-json\/wp\/v2\/comments?post=3291"}],"version-history":[{"count":0,"href":"https:\/\/aprendeconamigos.com\/es\/wp-json\/wp\/v2\/pages\/3291\/revisions"}],"wp:attachment":[{"href":"https:\/\/aprendeconamigos.com\/es\/wp-json\/wp\/v2\/media?parent=3291"}],"curies":[{"name":"wp","href":"https:\/\/api.w.org\/{rel}","templated":true}]}}