

{"id":3293,"date":"2014-12-08T18:08:42","date_gmt":"2014-12-08T18:08:42","guid":{"rendered":"https:\/\/aprendeconamigos.com\/rutina-diaria\/"},"modified":"2025-02-07T12:40:19","modified_gmt":"2025-02-07T12:40:19","slug":"rutina-diaria","status":"publish","type":"page","link":"https:\/\/aprendeconamigos.com\/es\/rutina-diaria\/","title":{"rendered":"Rutina diaria"},"content":{"rendered":"\t\t<div data-elementor-type=\"wp-page\" data-elementor-id=\"3293\" class=\"elementor elementor-3293 elementor-36\" data-elementor-post-type=\"page\">\n\t\t\t\t<div class=\"elementor-element elementor-element-3527d39 e-flex e-con-boxed e-con e-parent\" data-id=\"3527d39\" data-element_type=\"container\" data-e-type=\"container\" data-settings=\"{&quot;background_background&quot;:&quot;classic&quot;}\">\n\t\t\t\t\t<div class=\"e-con-inner\">\n\t\t\t\t<div class=\"elementor-element elementor-element-04ccf3c elementor-widget elementor-widget-heading\" data-id=\"04ccf3c\" data-element_type=\"widget\" data-e-type=\"widget\" data-widget_type=\"heading.default\">\n\t\t\t\t<div class=\"elementor-widget-container\">\n\t\t\t\t\t<h1 class=\"elementor-heading-title elementor-size-default\">Rutina diaria<\/h1>\t\t\t\t<\/div>\n\t\t\t\t<\/div>\n\t\t<div class=\"elementor-element elementor-element-f2871e5 e-con-full e-flex e-con e-child\" data-id=\"f2871e5\" data-element_type=\"container\" data-e-type=\"container\">\n\t\t\t\t<div class=\"elementor-element elementor-element-15fad96 elementor-widget elementor-widget-image\" data-id=\"15fad96\" data-element_type=\"widget\" data-e-type=\"widget\" data-widget_type=\"image.default\">\n\t\t\t\t<div class=\"elementor-widget-container\">\n\t\t\t\t\t\t\t\t\t\t\t\t\t\t\t<img fetchpriority=\"high\" decoding=\"async\" data-attachment-id=\"3354\" data-permalink=\"https:\/\/aprendeconamigos.com\/es\/rutina-diaria\/caballitos-at-overlook-2\/\" data-orig-file=\"https:\/\/i0.wp.com\/aprendeconamigos.com\/wp-content\/uploads\/2024\/07\/Caballitos-at-Overlook-scaled.jpg?fit=2560%2C1800&amp;ssl=1\" data-orig-size=\"2560,1800\" data-comments-opened=\"0\" data-image-meta=\"{&quot;aperture&quot;:&quot;6.3&quot;,&quot;credit&quot;:&quot;&quot;,&quot;camera&quot;:&quot;Canon EOS 5D Mark II&quot;,&quot;caption&quot;:&quot;&quot;,&quot;created_timestamp&quot;:&quot;1555537845&quot;,&quot;copyright&quot;:&quot;&quot;,&quot;focal_length&quot;:&quot;24&quot;,&quot;iso&quot;:&quot;1000&quot;,&quot;shutter_speed&quot;:&quot;0.04&quot;,&quot;title&quot;:&quot;&quot;,&quot;orientation&quot;:&quot;1&quot;}\" data-image-title=\"Caballitos at Overlook\" data-image-description=\"\" data-image-caption=\"\" data-medium-file=\"https:\/\/i0.wp.com\/aprendeconamigos.com\/wp-content\/uploads\/2024\/07\/Caballitos-at-Overlook-scaled.jpg?fit=300%2C211&amp;ssl=1\" data-large-file=\"https:\/\/i0.wp.com\/aprendeconamigos.com\/wp-content\/uploads\/2024\/07\/Caballitos-at-Overlook-scaled.jpg?fit=1024%2C720&amp;ssl=1\" width=\"1024\" height=\"720\" src=\"https:\/\/i0.wp.com\/aprendeconamigos.com\/wp-content\/uploads\/2024\/07\/Caballitos-at-Overlook-scaled.jpg?fit=1024%2C720&amp;ssl=1\" class=\"attachment-large size-large wp-image-3354\" alt=\"\" srcset=\"https:\/\/i0.wp.com\/aprendeconamigos.com\/wp-content\/uploads\/2024\/07\/Caballitos-at-Overlook-scaled.jpg?w=2560&amp;ssl=1 2560w, https:\/\/i0.wp.com\/aprendeconamigos.com\/wp-content\/uploads\/2024\/07\/Caballitos-at-Overlook-scaled.jpg?resize=300%2C211&amp;ssl=1 300w, https:\/\/i0.wp.com\/aprendeconamigos.com\/wp-content\/uploads\/2024\/07\/Caballitos-at-Overlook-scaled.jpg?resize=1024%2C720&amp;ssl=1 1024w, https:\/\/i0.wp.com\/aprendeconamigos.com\/wp-content\/uploads\/2024\/07\/Caballitos-at-Overlook-scaled.jpg?resize=768%2C540&amp;ssl=1 768w, https:\/\/i0.wp.com\/aprendeconamigos.com\/wp-content\/uploads\/2024\/07\/Caballitos-at-Overlook-scaled.jpg?resize=1536%2C1080&amp;ssl=1 1536w, https:\/\/i0.wp.com\/aprendeconamigos.com\/wp-content\/uploads\/2024\/07\/Caballitos-at-Overlook-scaled.jpg?resize=2048%2C1440&amp;ssl=1 2048w, https:\/\/i0.wp.com\/aprendeconamigos.com\/wp-content\/uploads\/2024\/07\/Caballitos-at-Overlook-scaled.jpg?w=2160 2160w\" sizes=\"(max-width: 1024px) 100vw, 1024px\" data-attachment-id=\"3354\" data-permalink=\"https:\/\/aprendeconamigos.com\/es\/rutina-diaria\/caballitos-at-overlook-2\/\" data-orig-file=\"https:\/\/i0.wp.com\/aprendeconamigos.com\/wp-content\/uploads\/2024\/07\/Caballitos-at-Overlook-scaled.jpg?fit=2560%2C1800&amp;ssl=1\" data-orig-size=\"2560,1800\" data-comments-opened=\"0\" data-image-meta=\"{&quot;aperture&quot;:&quot;6.3&quot;,&quot;credit&quot;:&quot;&quot;,&quot;camera&quot;:&quot;Canon EOS 5D Mark II&quot;,&quot;caption&quot;:&quot;&quot;,&quot;created_timestamp&quot;:&quot;1555537845&quot;,&quot;copyright&quot;:&quot;&quot;,&quot;focal_length&quot;:&quot;24&quot;,&quot;iso&quot;:&quot;1000&quot;,&quot;shutter_speed&quot;:&quot;0.04&quot;,&quot;title&quot;:&quot;&quot;,&quot;orientation&quot;:&quot;1&quot;}\" data-image-title=\"Caballitos at Overlook\" data-image-description=\"\" data-image-caption=\"\" data-medium-file=\"https:\/\/i0.wp.com\/aprendeconamigos.com\/wp-content\/uploads\/2024\/07\/Caballitos-at-Overlook-scaled.jpg?fit=300%2C211&amp;ssl=1\" data-large-file=\"https:\/\/i0.wp.com\/aprendeconamigos.com\/wp-content\/uploads\/2024\/07\/Caballitos-at-Overlook-scaled.jpg?fit=1024%2C720&amp;ssl=1\" \/>\t\t\t\t\t\t\t\t\t\t\t\t\t\t\t<\/div>\n\t\t\t\t<\/div>\n\t\t\t\t<\/div>\n\t\t\t\t<div class=\"elementor-element elementor-element-bc0a452 elementor-widget elementor-widget-text-editor\" data-id=\"bc0a452\" data-element_type=\"widget\" data-e-type=\"widget\" data-widget_type=\"text-editor.default\">\n\t\t\t\t<div class=\"elementor-widget-container\">\n\t\t\t\t\t\t\t\t\t<p><strong><br \/>\n  <span class=\"style3\">En Aprende con Amigos, entendemos<\/span><br \/>\n<\/strong> que los ni\u00f1os aprenden mejor y se sienten m\u00e1s felices en un entorno tranquilo, predecible y atractivo. Nuestra rutina diaria est\u00e1 dise\u00f1ada para hacer eso y mucho m\u00e1s.<\/p>\n<p>Nuestros profesores comprenden y valoran la importancia de los grupos de edades mixtas y de edades espec\u00edficas. Por tanto, nuestra rutina diaria permite a los ni\u00f1os dedicar tiempo cada d\u00eda a ambas cosas. Los grupos de edades mixtas ofrecen a los compa\u00f1eros mayores la oportunidad de servir de modelo a sus compa\u00f1eros m\u00e1s j\u00f3venes, y sabemos que una de las formas m\u00e1s eficaces de que nuestros compa\u00f1eros mayores aprendan es servir de modelo y ense\u00f1ar a los compa\u00f1eros m\u00e1s j\u00f3venes. Tambi\u00e9n entendemos que los grupos de edades espec\u00edficas permiten a nuestros profesores ofrecer actividades adecuadas a la edad, basadas en las habilidades actuales de un grupo de edad concreto. Equilibrar el tiempo en nuestra rutina diaria para grupos de edades mixtas y grupos de edades espec\u00edficas permite que los ni\u00f1os participen, se sientan desafiados y apoyados.<\/p>\n\t\t\t\t\t\t\t\t<\/div>\n\t\t\t\t<\/div>\n\t\t\t\t\t<\/div>\n\t\t\t\t<\/div>\n\t\t<div class=\"elementor-element elementor-element-9689149 e-flex e-con-boxed e-con e-parent\" data-id=\"9689149\" data-element_type=\"container\" data-e-type=\"container\" data-settings=\"{&quot;background_background&quot;:&quot;classic&quot;}\">\n\t\t\t\t\t<div class=\"e-con-inner\">\n\t\t<div class=\"elementor-element elementor-element-e295695 e-con-full e-flex e-con e-child\" data-id=\"e295695\" data-element_type=\"container\" data-e-type=\"container\">\n\t\t\t\t<div class=\"elementor-element elementor-element-8141823 elementor-widget elementor-widget-image\" data-id=\"8141823\" data-element_type=\"widget\" data-e-type=\"widget\" data-widget_type=\"image.default\">\n\t\t\t\t<div class=\"elementor-widget-container\">\n\t\t\t\t\t\t\t\t\t\t\t\t\t\t\t<img decoding=\"async\" data-attachment-id=\"3358\" data-permalink=\"https:\/\/aprendeconamigos.com\/es\/rutina-diaria\/create-pic-2\/\" data-orig-file=\"https:\/\/i0.wp.com\/aprendeconamigos.com\/wp-content\/uploads\/2024\/07\/Create-pic-scaled.jpg?fit=2560%2C1917&amp;ssl=1\" data-orig-size=\"2560,1917\" data-comments-opened=\"0\" data-image-meta=\"{&quot;aperture&quot;:&quot;4&quot;,&quot;credit&quot;:&quot;&quot;,&quot;camera&quot;:&quot;Canon EOS 5D Mark II&quot;,&quot;caption&quot;:&quot;&quot;,&quot;created_timestamp&quot;:&quot;1555540706&quot;,&quot;copyright&quot;:&quot;&quot;,&quot;focal_length&quot;:&quot;24&quot;,&quot;iso&quot;:&quot;1000&quot;,&quot;shutter_speed&quot;:&quot;0.0125&quot;,&quot;title&quot;:&quot;&quot;,&quot;orientation&quot;:&quot;1&quot;}\" data-image-title=\"Create pic\" data-image-description=\"\" data-image-caption=\"\" data-medium-file=\"https:\/\/i0.wp.com\/aprendeconamigos.com\/wp-content\/uploads\/2024\/07\/Create-pic-scaled.jpg?fit=300%2C225&amp;ssl=1\" data-large-file=\"https:\/\/i0.wp.com\/aprendeconamigos.com\/wp-content\/uploads\/2024\/07\/Create-pic-scaled.jpg?fit=1024%2C767&amp;ssl=1\" width=\"1024\" height=\"767\" src=\"https:\/\/i0.wp.com\/aprendeconamigos.com\/wp-content\/uploads\/2024\/07\/Create-pic-scaled.jpg?fit=1024%2C767&amp;ssl=1\" class=\"attachment-large size-large wp-image-3358\" alt=\"\" srcset=\"https:\/\/i0.wp.com\/aprendeconamigos.com\/wp-content\/uploads\/2024\/07\/Create-pic-scaled.jpg?w=2560&amp;ssl=1 2560w, https:\/\/i0.wp.com\/aprendeconamigos.com\/wp-content\/uploads\/2024\/07\/Create-pic-scaled.jpg?resize=300%2C225&amp;ssl=1 300w, https:\/\/i0.wp.com\/aprendeconamigos.com\/wp-content\/uploads\/2024\/07\/Create-pic-scaled.jpg?resize=1024%2C767&amp;ssl=1 1024w, https:\/\/i0.wp.com\/aprendeconamigos.com\/wp-content\/uploads\/2024\/07\/Create-pic-scaled.jpg?resize=768%2C575&amp;ssl=1 768w, https:\/\/i0.wp.com\/aprendeconamigos.com\/wp-content\/uploads\/2024\/07\/Create-pic-scaled.jpg?resize=1536%2C1150&amp;ssl=1 1536w, https:\/\/i0.wp.com\/aprendeconamigos.com\/wp-content\/uploads\/2024\/07\/Create-pic-scaled.jpg?resize=2048%2C1534&amp;ssl=1 2048w, https:\/\/i0.wp.com\/aprendeconamigos.com\/wp-content\/uploads\/2024\/07\/Create-pic-scaled.jpg?w=2160 2160w\" sizes=\"(max-width: 1024px) 100vw, 1024px\" data-attachment-id=\"3358\" data-permalink=\"https:\/\/aprendeconamigos.com\/es\/rutina-diaria\/create-pic-2\/\" data-orig-file=\"https:\/\/i0.wp.com\/aprendeconamigos.com\/wp-content\/uploads\/2024\/07\/Create-pic-scaled.jpg?fit=2560%2C1917&amp;ssl=1\" data-orig-size=\"2560,1917\" data-comments-opened=\"0\" data-image-meta=\"{&quot;aperture&quot;:&quot;4&quot;,&quot;credit&quot;:&quot;&quot;,&quot;camera&quot;:&quot;Canon EOS 5D Mark II&quot;,&quot;caption&quot;:&quot;&quot;,&quot;created_timestamp&quot;:&quot;1555540706&quot;,&quot;copyright&quot;:&quot;&quot;,&quot;focal_length&quot;:&quot;24&quot;,&quot;iso&quot;:&quot;1000&quot;,&quot;shutter_speed&quot;:&quot;0.0125&quot;,&quot;title&quot;:&quot;&quot;,&quot;orientation&quot;:&quot;1&quot;}\" data-image-title=\"Create pic\" data-image-description=\"\" data-image-caption=\"\" data-medium-file=\"https:\/\/i0.wp.com\/aprendeconamigos.com\/wp-content\/uploads\/2024\/07\/Create-pic-scaled.jpg?fit=300%2C225&amp;ssl=1\" data-large-file=\"https:\/\/i0.wp.com\/aprendeconamigos.com\/wp-content\/uploads\/2024\/07\/Create-pic-scaled.jpg?fit=1024%2C767&amp;ssl=1\" \/>\t\t\t\t\t\t\t\t\t\t\t\t\t\t\t<\/div>\n\t\t\t\t<\/div>\n\t\t\t\t<\/div>\n\t\t<div class=\"elementor-element elementor-element-ed59973 e-con-full e-flex e-con e-child\" data-id=\"ed59973\" data-element_type=\"container\" data-e-type=\"container\">\n\t\t\t\t<div class=\"elementor-element elementor-element-e52428b elementor-widget elementor-widget-text-editor\" data-id=\"e52428b\" data-element_type=\"widget\" data-e-type=\"widget\" data-widget_type=\"text-editor.default\">\n\t\t\t\t<div class=\"elementor-widget-container\">\n\t\t\t\t\t\t\t\t\t<p>Adem\u00e1s, desarrollamos un horario rotatorio \u00fanico que permite a cada ni\u00f1o trabajar en el desarrollo de habilidades en tres \u00e1reas de aprendizaje: m\u00fasica\/arte, matem\u00e1ticas\/ciencia y lengua\/estudios sociales. Tambi\u00e9n habr\u00e1 tiempo de juego al aire libre en el parque de al lado todos los d\u00edas. A medida que los ni\u00f1os avanzan por cada \u00e1rea de aprendizaje focalizada, el profesor jefe empezar\u00e1 con una breve actividad en grupo y luego permitir\u00e1 que los ni\u00f1os pasen al tiempo de actividad de libre elecci\u00f3n.<\/p>\n\t\t\t\t\t\t\t\t<\/div>\n\t\t\t\t<\/div>\n\t\t\t\t<\/div>\n\t\t\t\t\t<\/div>\n\t\t\t\t<\/div>\n\t\t<div class=\"elementor-element elementor-element-12d6bf7 elementor-hidden-mobile e-flex e-con-boxed e-con e-parent\" data-id=\"12d6bf7\" data-element_type=\"container\" data-e-type=\"container\" data-settings=\"{&quot;background_background&quot;:&quot;classic&quot;}\">\n\t\t\t\t\t<div class=\"e-con-inner\">\n\t\t<div class=\"elementor-element elementor-element-1b2f857 e-con-full e-flex e-con e-child\" data-id=\"1b2f857\" data-element_type=\"container\" data-e-type=\"container\">\n\t\t\t\t<div class=\"elementor-element elementor-element-de9173d elementor-widget elementor-widget-text-editor\" data-id=\"de9173d\" data-element_type=\"widget\" data-e-type=\"widget\" data-widget_type=\"text-editor.default\">\n\t\t\t\t<div class=\"elementor-widget-container\">\n\t\t\t\t\t\t\t\t\t<p>Cada ni\u00f1o tiende a destacar en dos o tres de las siete inteligencias identificadas y los ni\u00f1os tienden a elegir actividades que apoyen sus puntos fuertes. Sin embargo, nuestro horario rotativo permitir\u00e1 a los ni\u00f1os no s\u00f3lo desarrollar sus puntos fuertes naturales, sino que tambi\u00e9n les proporcionar\u00e1 tiempo durante el d\u00eda para desarrollar tambi\u00e9n todas las dem\u00e1s inteligencias. Nuestro horario rotativo es un componente \u00fanico, equilibrado e importante de Aprende con Amigos. Estamos seguros de que nuestro horario rotativo proporciona un entorno de aprendizaje superior en el que los ni\u00f1os alcanzan su potencial \u00f3ptimo mientras adquieren la lengua espa\u00f1ola.<\/p>\n<p>Los horarios diarios se dividen en tres grupos de edad: de 3 a 3,5 a\u00f1os, de 3,5 a 4 a\u00f1os y de 4 a 5 a\u00f1os. Ten en cuenta que cada horario incorpora tiempo tanto en grupos de edades mixtas como en grupos de edades espec\u00edficas y permite a los estudiantes rotar por las tres \u00e1reas de aprendizaje tanto en oportunidades de matr\u00edcula a tiempo parcial como a tiempo completo.<\/p>\n\t\t\t\t\t\t\t\t<\/div>\n\t\t\t\t<\/div>\n\t\t\t\t<\/div>\n\t\t<div class=\"elementor-element elementor-element-19156a5 e-con-full e-flex e-con e-child\" data-id=\"19156a5\" data-element_type=\"container\" data-e-type=\"container\">\n\t\t\t\t<div class=\"elementor-element elementor-element-2cd0973 elementor-widget elementor-widget-image\" data-id=\"2cd0973\" data-element_type=\"widget\" data-e-type=\"widget\" data-widget_type=\"image.default\">\n\t\t\t\t<div class=\"elementor-widget-container\">\n\t\t\t\t\t\t\t\t\t\t\t\t\t\t\t<img decoding=\"async\" data-attachment-id=\"3356\" data-permalink=\"https:\/\/aprendeconamigos.com\/es\/rutina-diaria\/copy-of-thegarden-2\/\" data-orig-file=\"https:\/\/i0.wp.com\/aprendeconamigos.com\/wp-content\/uploads\/2024\/07\/Copy-of-TheGarden.jpg?fit=500%2C377&amp;ssl=1\" data-orig-size=\"500,377\" data-comments-opened=\"0\" data-image-meta=\"{&quot;aperture&quot;:&quot;0&quot;,&quot;credit&quot;:&quot;&quot;,&quot;camera&quot;:&quot;&quot;,&quot;caption&quot;:&quot;&quot;,&quot;created_timestamp&quot;:&quot;1555539707&quot;,&quot;copyright&quot;:&quot;&quot;,&quot;focal_length&quot;:&quot;0&quot;,&quot;iso&quot;:&quot;0&quot;,&quot;shutter_speed&quot;:&quot;0&quot;,&quot;title&quot;:&quot;&quot;,&quot;orientation&quot;:&quot;0&quot;}\" data-image-title=\"Copy of The+Garden\" data-image-description=\"\" data-image-caption=\"\" data-medium-file=\"https:\/\/i0.wp.com\/aprendeconamigos.com\/wp-content\/uploads\/2024\/07\/Copy-of-TheGarden.jpg?fit=300%2C226&amp;ssl=1\" data-large-file=\"https:\/\/i0.wp.com\/aprendeconamigos.com\/wp-content\/uploads\/2024\/07\/Copy-of-TheGarden.jpg?fit=500%2C377&amp;ssl=1\" width=\"500\" height=\"377\" src=\"https:\/\/i0.wp.com\/aprendeconamigos.com\/wp-content\/uploads\/2024\/07\/Copy-of-TheGarden.jpg?fit=500%2C377&amp;ssl=1\" class=\"attachment-large size-large wp-image-3356\" alt=\"\" srcset=\"https:\/\/i0.wp.com\/aprendeconamigos.com\/wp-content\/uploads\/2024\/07\/Copy-of-TheGarden.jpg?w=500&amp;ssl=1 500w, https:\/\/i0.wp.com\/aprendeconamigos.com\/wp-content\/uploads\/2024\/07\/Copy-of-TheGarden.jpg?resize=300%2C226&amp;ssl=1 300w\" sizes=\"(max-width: 500px) 100vw, 500px\" data-attachment-id=\"3356\" data-permalink=\"https:\/\/aprendeconamigos.com\/es\/rutina-diaria\/copy-of-thegarden-2\/\" data-orig-file=\"https:\/\/i0.wp.com\/aprendeconamigos.com\/wp-content\/uploads\/2024\/07\/Copy-of-TheGarden.jpg?fit=500%2C377&amp;ssl=1\" data-orig-size=\"500,377\" data-comments-opened=\"0\" data-image-meta=\"{&quot;aperture&quot;:&quot;0&quot;,&quot;credit&quot;:&quot;&quot;,&quot;camera&quot;:&quot;&quot;,&quot;caption&quot;:&quot;&quot;,&quot;created_timestamp&quot;:&quot;1555539707&quot;,&quot;copyright&quot;:&quot;&quot;,&quot;focal_length&quot;:&quot;0&quot;,&quot;iso&quot;:&quot;0&quot;,&quot;shutter_speed&quot;:&quot;0&quot;,&quot;title&quot;:&quot;&quot;,&quot;orientation&quot;:&quot;0&quot;}\" data-image-title=\"Copy of The+Garden\" data-image-description=\"\" data-image-caption=\"\" data-medium-file=\"https:\/\/i0.wp.com\/aprendeconamigos.com\/wp-content\/uploads\/2024\/07\/Copy-of-TheGarden.jpg?fit=300%2C226&amp;ssl=1\" data-large-file=\"https:\/\/i0.wp.com\/aprendeconamigos.com\/wp-content\/uploads\/2024\/07\/Copy-of-TheGarden.jpg?fit=500%2C377&amp;ssl=1\" \/>\t\t\t\t\t\t\t\t\t\t\t\t\t\t\t<\/div>\n\t\t\t\t<\/div>\n\t\t\t\t<\/div>\n\t\t\t\t\t<\/div>\n\t\t\t\t<\/div>\n\t\t<div class=\"elementor-element elementor-element-e0a130f elementor-hidden-desktop elementor-hidden-tablet e-flex e-con-boxed e-con e-parent\" data-id=\"e0a130f\" data-element_type=\"container\" data-e-type=\"container\" data-settings=\"{&quot;background_background&quot;:&quot;classic&quot;}\">\n\t\t\t\t\t<div class=\"e-con-inner\">\n\t\t<div class=\"elementor-element elementor-element-0501460 e-con-full e-flex e-con e-child\" data-id=\"0501460\" data-element_type=\"container\" data-e-type=\"container\">\n\t\t\t\t<div class=\"elementor-element elementor-element-6542e61 elementor-widget elementor-widget-image\" data-id=\"6542e61\" data-element_type=\"widget\" data-e-type=\"widget\" data-widget_type=\"image.default\">\n\t\t\t\t<div class=\"elementor-widget-container\">\n\t\t\t\t\t\t\t\t\t\t\t\t\t\t\t<img decoding=\"async\" data-attachment-id=\"3356\" data-permalink=\"https:\/\/aprendeconamigos.com\/es\/rutina-diaria\/copy-of-thegarden-2\/\" data-orig-file=\"https:\/\/i0.wp.com\/aprendeconamigos.com\/wp-content\/uploads\/2024\/07\/Copy-of-TheGarden.jpg?fit=500%2C377&amp;ssl=1\" data-orig-size=\"500,377\" data-comments-opened=\"0\" data-image-meta=\"{&quot;aperture&quot;:&quot;0&quot;,&quot;credit&quot;:&quot;&quot;,&quot;camera&quot;:&quot;&quot;,&quot;caption&quot;:&quot;&quot;,&quot;created_timestamp&quot;:&quot;1555539707&quot;,&quot;copyright&quot;:&quot;&quot;,&quot;focal_length&quot;:&quot;0&quot;,&quot;iso&quot;:&quot;0&quot;,&quot;shutter_speed&quot;:&quot;0&quot;,&quot;title&quot;:&quot;&quot;,&quot;orientation&quot;:&quot;0&quot;}\" data-image-title=\"Copy of The+Garden\" data-image-description=\"\" data-image-caption=\"\" data-medium-file=\"https:\/\/i0.wp.com\/aprendeconamigos.com\/wp-content\/uploads\/2024\/07\/Copy-of-TheGarden.jpg?fit=300%2C226&amp;ssl=1\" data-large-file=\"https:\/\/i0.wp.com\/aprendeconamigos.com\/wp-content\/uploads\/2024\/07\/Copy-of-TheGarden.jpg?fit=500%2C377&amp;ssl=1\" width=\"500\" height=\"377\" src=\"https:\/\/i0.wp.com\/aprendeconamigos.com\/wp-content\/uploads\/2024\/07\/Copy-of-TheGarden.jpg?fit=500%2C377&amp;ssl=1\" class=\"attachment-large size-large wp-image-3356\" alt=\"\" srcset=\"https:\/\/i0.wp.com\/aprendeconamigos.com\/wp-content\/uploads\/2024\/07\/Copy-of-TheGarden.jpg?w=500&amp;ssl=1 500w, https:\/\/i0.wp.com\/aprendeconamigos.com\/wp-content\/uploads\/2024\/07\/Copy-of-TheGarden.jpg?resize=300%2C226&amp;ssl=1 300w\" sizes=\"(max-width: 500px) 100vw, 500px\" data-attachment-id=\"3356\" data-permalink=\"https:\/\/aprendeconamigos.com\/es\/rutina-diaria\/copy-of-thegarden-2\/\" data-orig-file=\"https:\/\/i0.wp.com\/aprendeconamigos.com\/wp-content\/uploads\/2024\/07\/Copy-of-TheGarden.jpg?fit=500%2C377&amp;ssl=1\" data-orig-size=\"500,377\" data-comments-opened=\"0\" data-image-meta=\"{&quot;aperture&quot;:&quot;0&quot;,&quot;credit&quot;:&quot;&quot;,&quot;camera&quot;:&quot;&quot;,&quot;caption&quot;:&quot;&quot;,&quot;created_timestamp&quot;:&quot;1555539707&quot;,&quot;copyright&quot;:&quot;&quot;,&quot;focal_length&quot;:&quot;0&quot;,&quot;iso&quot;:&quot;0&quot;,&quot;shutter_speed&quot;:&quot;0&quot;,&quot;title&quot;:&quot;&quot;,&quot;orientation&quot;:&quot;0&quot;}\" data-image-title=\"Copy of The+Garden\" data-image-description=\"\" data-image-caption=\"\" data-medium-file=\"https:\/\/i0.wp.com\/aprendeconamigos.com\/wp-content\/uploads\/2024\/07\/Copy-of-TheGarden.jpg?fit=300%2C226&amp;ssl=1\" data-large-file=\"https:\/\/i0.wp.com\/aprendeconamigos.com\/wp-content\/uploads\/2024\/07\/Copy-of-TheGarden.jpg?fit=500%2C377&amp;ssl=1\" \/>\t\t\t\t\t\t\t\t\t\t\t\t\t\t\t<\/div>\n\t\t\t\t<\/div>\n\t\t\t\t<\/div>\n\t\t<div class=\"elementor-element elementor-element-698702b e-con-full e-flex e-con e-child\" data-id=\"698702b\" data-element_type=\"container\" data-e-type=\"container\">\n\t\t\t\t<div class=\"elementor-element elementor-element-6a4cd7c elementor-widget elementor-widget-text-editor\" data-id=\"6a4cd7c\" data-element_type=\"widget\" data-e-type=\"widget\" data-widget_type=\"text-editor.default\">\n\t\t\t\t<div class=\"elementor-widget-container\">\n\t\t\t\t\t\t\t\t\t<p>Cada ni\u00f1o tiende a destacar en dos o tres de las siete inteligencias identificadas y los ni\u00f1os tienden a elegir actividades que apoyen sus puntos fuertes. Sin embargo, nuestro horario rotativo permitir\u00e1 a los ni\u00f1os no s\u00f3lo desarrollar sus puntos fuertes naturales, sino que tambi\u00e9n les proporcionar\u00e1 tiempo durante el d\u00eda para desarrollar tambi\u00e9n todas las dem\u00e1s inteligencias. Nuestro horario rotativo es un componente \u00fanico, equilibrado e importante de Aprende con Amigos. Estamos seguros de que nuestro horario rotativo proporciona un entorno de aprendizaje superior en el que los ni\u00f1os alcanzan su potencial \u00f3ptimo mientras adquieren la lengua espa\u00f1ola.<\/p>\n<p>Los horarios diarios se dividen en tres grupos de edad: de 3 a 3,5 a\u00f1os, de 3,5 a 4 a\u00f1os y de 4 a 5 a\u00f1os. Ten en cuenta que cada horario incorpora tiempo tanto en grupos de edades mixtas como en grupos de edades espec\u00edficas y permite a los estudiantes rotar por las tres \u00e1reas de aprendizaje tanto en oportunidades de matr\u00edcula a tiempo parcial como a tiempo completo.<\/p>\n\t\t\t\t\t\t\t\t<\/div>\n\t\t\t\t<\/div>\n\t\t\t\t<\/div>\n\t\t\t\t\t<\/div>\n\t\t\t\t<\/div>\n\t\t\t\t<\/div>\n\t\t","protected":false},"excerpt":{"rendered":"<p>Rutina diaria En Aprende con Amigos, entendemos que los ni\u00f1os aprenden mejor y se sienten m\u00e1s felices en un entorno tranquilo, predecible y atractivo. Nuestra rutina diaria est\u00e1 dise\u00f1ada para&#8230;<\/p>\n","protected":false},"author":1,"featured_media":0,"parent":0,"menu_order":0,"comment_status":"closed","ping_status":"closed","template":"elementor_header_footer","meta":{"jetpack_post_was_ever_published":false,"footnotes":""},"class_list":["post-3293","page","type-page","status-publish","hentry"],"jetpack_sharing_enabled":true,"jetpack_shortlink":"https:\/\/wp.me\/P6SqU3-R7","jetpack-related-posts":[{"id":3376,"url":"https:\/\/aprendeconamigos.com\/es\/","url_meta":{"origin":3293,"position":0},"title":"Inicio","author":"amrit","date":"13 de julio de 2024","format":false,"excerpt":"Preescolar de Inmersi\u00f3n en Espa\u00f1ol UBICACIONES EN LOS BARRIOS DE OVERLOOK Y CULLY DE PORTLAND, OREGON. INSCR\u00cdBETE AHORA RUTINA Servicios Premiere Proporcionar servicios preescolares de primera calidad que apoyen al ni\u00f1o en su totalidad: social, emocional, cognitiva y f\u00edsicamente, para garantizar que cada ni\u00f1o alcanza su potencial. Enriquecer a los\u2026","rel":"","context":"Entrada similar","block_context":{"text":"Entrada similar","link":""},"img":{"alt_text":"","src":"https:\/\/i0.wp.com\/aprendeconamigos.com\/wp-content\/uploads\/2024\/07\/Coworking-photo-scaled.jpg?fit=1024%2C683&ssl=1&resize=350%2C200","width":350,"height":200,"srcset":"https:\/\/i0.wp.com\/aprendeconamigos.com\/wp-content\/uploads\/2024\/07\/Coworking-photo-scaled.jpg?fit=1024%2C683&ssl=1&resize=350%2C200 1x, https:\/\/i0.wp.com\/aprendeconamigos.com\/wp-content\/uploads\/2024\/07\/Coworking-photo-scaled.jpg?fit=1024%2C683&ssl=1&resize=525%2C300 1.5x, https:\/\/i0.wp.com\/aprendeconamigos.com\/wp-content\/uploads\/2024\/07\/Coworking-photo-scaled.jpg?fit=1024%2C683&ssl=1&resize=700%2C400 2x"},"classes":[]},{"id":3335,"url":"https:\/\/aprendeconamigos.com\/es\/facultad-2\/","url_meta":{"origin":3293,"position":1},"title":"Facultad","author":"amrit","date":"13 de julio de 2024","format":false,"excerpt":"Stacey Dunbar Propietario La carrera docente de Stacey Dunbar abarca m\u00e1s de 25 a\u00f1os en el campo de la educaci\u00f3n. Nacida y criada en la zona de Chicago, sus valores del medio oeste, como el trabajo duro, la amabilidad y la valent\u00eda, siguen siendo la piedra angular de todos los\u2026","rel":"","context":"Entrada similar","block_context":{"text":"Entrada similar","link":""},"img":{"alt_text":"","src":"https:\/\/i0.wp.com\/aprendeconamigos.com\/wp-content\/uploads\/2024\/08\/SKP_3110-1-819x1024.jpg?resize=350%2C200","width":350,"height":200,"srcset":"https:\/\/i0.wp.com\/aprendeconamigos.com\/wp-content\/uploads\/2024\/08\/SKP_3110-1-819x1024.jpg?resize=350%2C200 1x, https:\/\/i0.wp.com\/aprendeconamigos.com\/wp-content\/uploads\/2024\/08\/SKP_3110-1-819x1024.jpg?resize=525%2C300 1.5x, https:\/\/i0.wp.com\/aprendeconamigos.com\/wp-content\/uploads\/2024\/08\/SKP_3110-1-819x1024.jpg?resize=700%2C400 2x"},"classes":[]}],"_links":{"self":[{"href":"https:\/\/aprendeconamigos.com\/es\/wp-json\/wp\/v2\/pages\/3293","targetHints":{"allow":["GET"]}}],"collection":[{"href":"https:\/\/aprendeconamigos.com\/es\/wp-json\/wp\/v2\/pages"}],"about":[{"href":"https:\/\/aprendeconamigos.com\/es\/wp-json\/wp\/v2\/types\/page"}],"author":[{"embeddable":true,"href":"https:\/\/aprendeconamigos.com\/es\/wp-json\/wp\/v2\/users\/1"}],"replies":[{"embeddable":true,"href":"https:\/\/aprendeconamigos.com\/es\/wp-json\/wp\/v2\/comments?post=3293"}],"version-history":[{"count":0,"href":"https:\/\/aprendeconamigos.com\/es\/wp-json\/wp\/v2\/pages\/3293\/revisions"}],"wp:attachment":[{"href":"https:\/\/aprendeconamigos.com\/es\/wp-json\/wp\/v2\/media?parent=3293"}],"curies":[{"name":"wp","href":"https:\/\/api.w.org\/{rel}","templated":true}]}}