

{"id":3294,"date":"2014-12-04T00:19:58","date_gmt":"2014-12-04T00:19:58","guid":{"rendered":"https:\/\/aprendeconamigos.com\/inscripcion-y-matricula\/"},"modified":"2025-02-07T12:40:19","modified_gmt":"2025-02-07T12:40:19","slug":"inscripcion-y-matricula","status":"publish","type":"page","link":"https:\/\/aprendeconamigos.com\/es\/inscripcion-y-matricula\/","title":{"rendered":"Inscripci\u00f3n y matr\u00edcula"},"content":{"rendered":"\t\t<div data-elementor-type=\"wp-page\" data-elementor-id=\"3294\" class=\"elementor elementor-3294 elementor-2\" data-elementor-post-type=\"page\">\n\t\t\t\t<div class=\"elementor-element elementor-element-cff7f55 e-flex e-con-boxed e-con e-parent\" data-id=\"cff7f55\" data-element_type=\"container\" data-e-type=\"container\" data-settings=\"{&quot;background_background&quot;:&quot;classic&quot;}\">\n\t\t\t\t\t<div class=\"e-con-inner\">\n\t\t\t\t<div class=\"elementor-element elementor-element-ef144fb elementor-widget elementor-widget-heading\" data-id=\"ef144fb\" data-element_type=\"widget\" data-e-type=\"widget\" data-widget_type=\"heading.default\">\n\t\t\t\t<div class=\"elementor-widget-container\">\n\t\t\t\t\t<h2 class=\"elementor-heading-title elementor-size-default\">INSCRIPCI\u00d3N Y MATR\u00cdCULA<\/h2>\t\t\t\t<\/div>\n\t\t\t\t<\/div>\n\t\t\t\t<div class=\"elementor-element elementor-element-e54b1e1 elementor-widget elementor-widget-text-editor\" data-id=\"e54b1e1\" data-element_type=\"widget\" data-e-type=\"widget\" data-widget_type=\"text-editor.default\">\n\t\t\t\t<div class=\"elementor-widget-container\">\n\t\t\t\t\t\t\t\t\t<p>La Academia Aprende con Amigos-Preschool acoge a todos los ni\u00f1os de tres a cinco a\u00f1os. \u00a1Nos complace anunciar que somos un PROGRAMA PREESCOLAR PARA TODOS! Todas las plazas en nuestros centros de Overlook y Cully se reservar\u00e1n para las familias que solicitaron Preescolar para Todos.  <\/p>\n<p>Las plazas de Preescolar para Todos se gestionan a trav\u00e9s del condado de Multnomah. El plazo de solicitud y aceptaci\u00f3n var\u00eda de un a\u00f1o a otro, as\u00ed que consulta con el condado para obtener m\u00e1s informaci\u00f3n. \u00a1Te agradecemos tu inter\u00e9s y esperamos darte la bienvenida como miembro de la familia Aprende con Amigos! Haz clic en el bot\u00f3n de abajo para saber m\u00e1s sobre c\u00f3mo inscribirte en nuestro programa a trav\u00e9s de Preescolar para Todos.  <\/p>\n\t\t\t\t\t\t\t\t<\/div>\n\t\t\t\t<\/div>\n\t\t\t\t<div class=\"elementor-element elementor-element-9785d57 elementor-align-center elementor-widget elementor-widget-button\" data-id=\"9785d57\" data-element_type=\"widget\" data-e-type=\"widget\" data-widget_type=\"button.default\">\n\t\t\t\t<div class=\"elementor-widget-container\">\n\t\t\t\t\t\t\t\t\t<div class=\"elementor-button-wrapper\">\n\t\t\t\t\t<a class=\"elementor-button elementor-button-link elementor-size-sm\" href=\"https:\/\/multco.us\/programs\/preschool-all\" target=\"_blank\">\n\t\t\t\t\t\t<span class=\"elementor-button-content-wrapper\">\n\t\t\t\t\t\t<span class=\"elementor-button-icon\">\n\t\t\t\t<svg aria-hidden=\"true\" class=\"e-font-icon-svg e-fas-arrow-right\" viewBox=\"0 0 448 512\" xmlns=\"http:\/\/www.w3.org\/2000\/svg\"><path d=\"M190.5 66.9l22.2-22.2c9.4-9.4 24.6-9.4 33.9 0L441 239c9.4 9.4 9.4 24.6 0 33.9L246.6 467.3c-9.4 9.4-24.6 9.4-33.9 0l-22.2-22.2c-9.5-9.5-9.3-25 .4-34.3L311.4 296H24c-13.3 0-24-10.7-24-24v-32c0-13.3 10.7-24 24-24h287.4L190.9 101.2c-9.8-9.3-10-24.8-.4-34.3z\"><\/path><\/svg>\t\t\t<\/span>\n\t\t\t\t\t\t\t\t\t<span class=\"elementor-button-text\">M\u00e1s informaci\u00f3n<\/span>\n\t\t\t\t\t<\/span>\n\t\t\t\t\t<\/a>\n\t\t\t\t<\/div>\n\t\t\t\t\t\t\t\t<\/div>\n\t\t\t\t<\/div>\n\t\t\t\t\t<\/div>\n\t\t\t\t<\/div>\n\t\t<div class=\"elementor-element elementor-element-505e3a1 e-flex e-con-boxed e-con e-parent\" data-id=\"505e3a1\" data-element_type=\"container\" data-e-type=\"container\" data-settings=\"{&quot;background_background&quot;:&quot;classic&quot;}\">\n\t\t\t\t\t<div class=\"e-con-inner\">\n\t\t\t\t<div class=\"elementor-element elementor-element-b3be872 elementor-widget elementor-widget-heading\" data-id=\"b3be872\" data-element_type=\"widget\" data-e-type=\"widget\" data-widget_type=\"heading.default\">\n\t\t\t\t<div class=\"elementor-widget-container\">\n\t\t\t\t\t<h2 class=\"elementor-heading-title elementor-size-default\">Horario de atenci\u00f3n al p\u00fablico<\/h2>\t\t\t\t<\/div>\n\t\t\t\t<\/div>\n\t\t\t\t<div class=\"elementor-element elementor-element-48102b4 elementor-widget elementor-widget-text-editor\" data-id=\"48102b4\" data-element_type=\"widget\" data-e-type=\"widget\" data-widget_type=\"text-editor.default\">\n\t\t\t\t<div class=\"elementor-widget-container\">\n\t\t\t\t\t\t\t\t\t<p>Aprende con Amigos est\u00e1 abierto de 7:30 a 17:30 durante el curso escolar y de 8:00 a 17:00 en los meses de verano de julio y agosto. La hora de salida es de 7:30 a 8:30. Nuestra primera actividad en grupo comenzar\u00e1 puntualmente a las 8:35 h. La recogida puede ser entre las 15:00 y las 17:30. Creemos que disponer de ventanas de tiempo para recoger y dejar a los ni\u00f1os se adaptar\u00e1 mejor a las necesidades de programaci\u00f3n de las familias.<\/p>\n\t\t\t\t\t\t\t\t<\/div>\n\t\t\t\t<\/div>\n\t\t\t\t<div class=\"elementor-element elementor-element-b4c0553 elementor-widget elementor-widget-heading\" data-id=\"b4c0553\" data-element_type=\"widget\" data-e-type=\"widget\" data-widget_type=\"heading.default\">\n\t\t\t\t<div class=\"elementor-widget-container\">\n\t\t\t\t\t<h2 class=\"elementor-heading-title elementor-size-default\">Almuerzos y meriendas<\/h2>\t\t\t\t<\/div>\n\t\t\t\t<\/div>\n\t\t\t\t<div class=\"elementor-element elementor-element-60b3803 elementor-widget elementor-widget-text-editor\" data-id=\"60b3803\" data-element_type=\"widget\" data-e-type=\"widget\" data-widget_type=\"text-editor.default\">\n\t\t\t\t<div class=\"elementor-widget-container\">\n\t\t\t\t\t\t\t\t\t<p>Almuerzos y meriendas: Aprende con Amigos proporcionar\u00e1 tentempi\u00e9s ecol\u00f3gicos y\/o totalmente naturales por la ma\u00f1ana y por la tarde cada d\u00eda. Cumpliremos todas las restricciones diet\u00e9ticas. Por supuesto, tambi\u00e9n podr\u00e1s traer un almuerzo de casa, si quieres.<\/p>\n\t\t\t\t\t\t\t\t<\/div>\n\t\t\t\t<\/div>\n\t\t\t\t\t<\/div>\n\t\t\t\t<\/div>\n\t\t<div class=\"elementor-element elementor-element-70aff71 e-flex e-con-boxed e-con e-parent\" data-id=\"70aff71\" data-element_type=\"container\" data-e-type=\"container\" data-settings=\"{&quot;background_background&quot;:&quot;classic&quot;}\">\n\t\t\t\t\t<div class=\"e-con-inner\">\n\t\t\t\t<div class=\"elementor-element elementor-element-768ff7a elementor-widget elementor-widget-heading\" data-id=\"768ff7a\" data-element_type=\"widget\" data-e-type=\"widget\" data-widget_type=\"heading.default\">\n\t\t\t\t<div class=\"elementor-widget-container\">\n\t\t\t\t\t<h2 class=\"elementor-heading-title elementor-size-default\">FORMULARIO DE INTER\u00c9S<\/h2>\t\t\t\t<\/div>\n\t\t\t\t<\/div>\n\t\t\t\t<div class=\"elementor-element elementor-element-f98c7db elementor-widget elementor-widget-text-editor\" data-id=\"f98c7db\" data-element_type=\"widget\" data-e-type=\"widget\" data-widget_type=\"text-editor.default\">\n\t\t\t\t<div class=\"elementor-widget-container\">\n\t\t\t\t\t\t\t\t\t<p>RELLENA EL SIGUIENTE FORMULARIO PARA ENVIAR LA SOLICITUD DE INSCRIPCI\u00d3N<\/p>\n\t\t\t\t\t\t\t\t<\/div>\n\t\t\t\t<\/div>\n\t\t\t\t<div class=\"elementor-element elementor-element-4606e57 elementor-widget elementor-widget-button\" data-id=\"4606e57\" data-element_type=\"widget\" data-e-type=\"widget\" data-widget_type=\"button.default\">\n\t\t\t\t<div class=\"elementor-widget-container\">\n\t\t\t\t\t\t\t\t\t<div class=\"elementor-button-wrapper\">\n\t\t\t\t\t<a class=\"elementor-button elementor-button-link elementor-size-sm\" href=\"https:\/\/forms.gle\/gvdGYJFMKg6t144f9\">\n\t\t\t\t\t\t<span class=\"elementor-button-content-wrapper\">\n\t\t\t\t\t\t\t\t\t<span class=\"elementor-button-text\">INSCR\u00cdBETE AQU\u00cd<\/span>\n\t\t\t\t\t<\/span>\n\t\t\t\t\t<\/a>\n\t\t\t\t<\/div>\n\t\t\t\t\t\t\t\t<\/div>\n\t\t\t\t<\/div>\n\t\t\t\t\t<\/div>\n\t\t\t\t<\/div>\n\t\t\t\t<\/div>\n\t\t","protected":false},"excerpt":{"rendered":"<p>INSCRIPCI\u00d3N Y MATR\u00cdCULA La Academia Aprende con Amigos-Preschool acoge a todos los ni\u00f1os de tres a cinco a\u00f1os. \u00a1Nos complace anunciar que somos un PROGRAMA PREESCOLAR PARA TODOS! Todas las&#8230;<\/p>\n","protected":false},"author":1,"featured_media":0,"parent":0,"menu_order":0,"comment_status":"closed","ping_status":"closed","template":"elementor_header_footer","meta":{"jetpack_post_was_ever_published":false,"footnotes":""},"class_list":["post-3294","page","type-page","status-publish","hentry"],"jetpack_sharing_enabled":true,"jetpack_shortlink":"https:\/\/wp.me\/P6SqU3-R8","jetpack-related-posts":[{"id":3376,"url":"https:\/\/aprendeconamigos.com\/es\/","url_meta":{"origin":3294,"position":0},"title":"Inicio","author":"amrit","date":"13 de julio de 2024","format":false,"excerpt":"Preescolar de Inmersi\u00f3n en Espa\u00f1ol UBICACIONES EN LOS BARRIOS DE OVERLOOK Y CULLY DE PORTLAND, OREGON. INSCR\u00cdBETE AHORA RUTINA Servicios Premiere Proporcionar servicios preescolares de primera calidad que apoyen al ni\u00f1o en su totalidad: social, emocional, cognitiva y f\u00edsicamente, para garantizar que cada ni\u00f1o alcanza su potencial. Enriquecer a los\u2026","rel":"","context":"Entrada similar","block_context":{"text":"Entrada similar","link":""},"img":{"alt_text":"","src":"https:\/\/i0.wp.com\/aprendeconamigos.com\/wp-content\/uploads\/2024\/07\/Coworking-photo-scaled.jpg?fit=1024%2C683&ssl=1&resize=350%2C200","width":350,"height":200,"srcset":"https:\/\/i0.wp.com\/aprendeconamigos.com\/wp-content\/uploads\/2024\/07\/Coworking-photo-scaled.jpg?fit=1024%2C683&ssl=1&resize=350%2C200 1x, https:\/\/i0.wp.com\/aprendeconamigos.com\/wp-content\/uploads\/2024\/07\/Coworking-photo-scaled.jpg?fit=1024%2C683&ssl=1&resize=525%2C300 1.5x, https:\/\/i0.wp.com\/aprendeconamigos.com\/wp-content\/uploads\/2024\/07\/Coworking-photo-scaled.jpg?fit=1024%2C683&ssl=1&resize=700%2C400 2x"},"classes":[]},{"id":3424,"url":"https:\/\/aprendeconamigos.com\/es\/campamento-de-verano-2\/","url_meta":{"origin":3294,"position":1},"title":"Campamento de verano","author":"amrit","date":"21 de agosto de 2024","format":false,"excerpt":"Campamento de verano 2026 Solicitud Campamento de Verano 2026 Descargar solicitud aqu\u00ed Si tienes m\u00e1s preguntas, env\u00eda un correo electr\u00f3nico al centro elegido.Escuela Cully: teresa@aprendeconamigos.comEscuela Overlook: tuly@aprendeconamigos.com Acerca de En Aprende con Amigos nuestros campamentos de verano garantizan que los ni\u00f1os \"aprendan con amigos\" a trav\u00e9s de un entorno de\u2026","rel":"","context":"Entrada similar","block_context":{"text":"Entrada similar","link":""},"img":{"alt_text":"","src":"","width":0,"height":0},"classes":[]},{"id":3314,"url":"https:\/\/aprendeconamigos.com\/es\/aprende-con-amigos-preescolar-de-inmersion-en-espanol\/","url_meta":{"origin":3294,"position":2},"title":"Aprende con Amigos | Preescolar de Inmersi\u00f3n en Espa\u00f1ol","author":"admin","date":"20 de mayo de 2014","format":false,"excerpt":"[vc_row type=\"full_width_background\" full_screen_row_position=\"middle\" mouse_based_parallax_bg=\"true\" scene_position=\"center\" mouse_sensitivity=\"19\" layer_one_image=\"2705\" layer_one_strength=\"0.11\" layer_two_strength=\"0.24\" layer_three_image=\"2623\" layer_three_strength=\"0.5\" text_color=\"light\" text_align=\"center\" top_padding=\"22%\" bottom_padding=\"18%\" overlay_strength=\"0.3\"][vc_column column_padding=\"no-extra-padding\" column_padding_position=\"all\" background_color_opacity=\"1\" background_hover_color_opacity=\"1\" width=\"1\/1\" tablet_text_alignment=\"default\" phone_text_alignment=\"default\"][vc_column_text] Preescolar de inmersi\u00f3n en espa\u00f1ol Ubicaciones en los barrios de Overlook y Cully de Portland, Oreg\u00f3n. [\/vc_column_text][\/vc_column][\/vc_row][vc_row type=\"in_container\" full_screen_row_position=\"middle\" scene_position=\"center\" text_color=\"dark\" text_align=\"left\" top_padding=\"1\" bottom_padding=\"1\" id=\"scroll\" overlay_strength=\"0.3\"][vc_column centered_text=\"true\"\u2026","rel":"","context":"Entrada similar","block_context":{"text":"Entrada similar","link":""},"img":{"alt_text":"","src":"","width":0,"height":0},"classes":[]},{"id":3296,"url":"https:\/\/aprendeconamigos.com\/es\/campamento-de-verano\/","url_meta":{"origin":3294,"position":3},"title":"Campamento de verano","author":"admin","date":"16 de mayo de 2016","format":false,"excerpt":"Campamento de verano 2025 Aplicaci\u00f3n: 2025 Solicitud de Campamento de Verano Si tienes m\u00e1s preguntas, env\u00eda un correo electr\u00f3nico al centro elegido. Escuela Cully: teresa@aprendeconamigos.com Escuela Overlook: tuly@aprendeconamigos.com Sobre: En Aprende con Amigos nuestros campamentos de verano garantizan que los ni\u00f1os \"aprendan con amigos\" a trav\u00e9s de un entorno de\u2026","rel":"","context":"Entrada similar","block_context":{"text":"Entrada similar","link":""},"img":{"alt_text":"","src":"","width":0,"height":0},"classes":[]},{"id":3335,"url":"https:\/\/aprendeconamigos.com\/es\/facultad-2\/","url_meta":{"origin":3294,"position":4},"title":"Facultad","author":"amrit","date":"13 de julio de 2024","format":false,"excerpt":"Stacey Dunbar Propietario La carrera docente de Stacey Dunbar abarca m\u00e1s de 25 a\u00f1os en el campo de la educaci\u00f3n. Nacida y criada en la zona de Chicago, sus valores del medio oeste, como el trabajo duro, la amabilidad y la valent\u00eda, siguen siendo la piedra angular de todos los\u2026","rel":"","context":"Entrada similar","block_context":{"text":"Entrada similar","link":""},"img":{"alt_text":"","src":"https:\/\/i0.wp.com\/aprendeconamigos.com\/wp-content\/uploads\/2024\/08\/SKP_3110-1-819x1024.jpg?resize=350%2C200","width":350,"height":200,"srcset":"https:\/\/i0.wp.com\/aprendeconamigos.com\/wp-content\/uploads\/2024\/08\/SKP_3110-1-819x1024.jpg?resize=350%2C200 1x, https:\/\/i0.wp.com\/aprendeconamigos.com\/wp-content\/uploads\/2024\/08\/SKP_3110-1-819x1024.jpg?resize=525%2C300 1.5x, https:\/\/i0.wp.com\/aprendeconamigos.com\/wp-content\/uploads\/2024\/08\/SKP_3110-1-819x1024.jpg?resize=700%2C400 2x"},"classes":[]},{"id":3326,"url":"https:\/\/aprendeconamigos.com\/es\/profesorado-nuevo\/","url_meta":{"origin":3294,"position":5},"title":"Profesorado nuevo","author":"amrit","date":"3 de julio de 2024","format":false,"excerpt":"STACEY DUNBAR Propietario Lorem ipsum dolor sit amet, consectetur adipiscing elit. Ut elit tellus, luctus nec ullamcorper mattis, pulvinar dapibus leo. \"TULY\" GERTRUDIS NOVOA GARCIA Propietario\/Director Tuly Novoa es una maestra de preescolar licenciada de Venezuela con amplia experiencia en educaci\u00f3n infantil. Ha trabajado con ni\u00f1os en diversos puestos, como\u2026","rel":"","context":"Entrada similar","block_context":{"text":"Entrada similar","link":""},"img":{"alt_text":"","src":"https:\/\/i0.wp.com\/aprendeconamigos.com\/wp-content\/uploads\/2022\/02\/Aspen-Center_lifestyle_9C2A2489-scaled.jpg?fit=1024%2C683&ssl=1&resize=350%2C200","width":350,"height":200,"srcset":"https:\/\/i0.wp.com\/aprendeconamigos.com\/wp-content\/uploads\/2022\/02\/Aspen-Center_lifestyle_9C2A2489-scaled.jpg?fit=1024%2C683&ssl=1&resize=350%2C200 1x, https:\/\/i0.wp.com\/aprendeconamigos.com\/wp-content\/uploads\/2022\/02\/Aspen-Center_lifestyle_9C2A2489-scaled.jpg?fit=1024%2C683&ssl=1&resize=525%2C300 1.5x, https:\/\/i0.wp.com\/aprendeconamigos.com\/wp-content\/uploads\/2022\/02\/Aspen-Center_lifestyle_9C2A2489-scaled.jpg?fit=1024%2C683&ssl=1&resize=700%2C400 2x"},"classes":[]}],"_links":{"self":[{"href":"https:\/\/aprendeconamigos.com\/es\/wp-json\/wp\/v2\/pages\/3294","targetHints":{"allow":["GET"]}}],"collection":[{"href":"https:\/\/aprendeconamigos.com\/es\/wp-json\/wp\/v2\/pages"}],"about":[{"href":"https:\/\/aprendeconamigos.com\/es\/wp-json\/wp\/v2\/types\/page"}],"author":[{"embeddable":true,"href":"https:\/\/aprendeconamigos.com\/es\/wp-json\/wp\/v2\/users\/1"}],"replies":[{"embeddable":true,"href":"https:\/\/aprendeconamigos.com\/es\/wp-json\/wp\/v2\/comments?post=3294"}],"version-history":[{"count":0,"href":"https:\/\/aprendeconamigos.com\/es\/wp-json\/wp\/v2\/pages\/3294\/revisions"}],"wp:attachment":[{"href":"https:\/\/aprendeconamigos.com\/es\/wp-json\/wp\/v2\/media?parent=3294"}],"curies":[{"name":"wp","href":"https:\/\/api.w.org\/{rel}","templated":true}]}}