

{"id":3296,"date":"2016-05-16T17:25:41","date_gmt":"2016-05-16T17:25:41","guid":{"rendered":"https:\/\/aprendeconamigos.com\/campamento-de-verano\/"},"modified":"2025-02-08T13:05:49","modified_gmt":"2025-02-08T13:05:49","slug":"campamento-de-verano","status":"publish","type":"page","link":"https:\/\/aprendeconamigos.com\/es\/campamento-de-verano\/","title":{"rendered":"Campamento de verano"},"content":{"rendered":"<h1 style=\"text-align: center;\">Campamento de verano 2025<\/h1>\n<h2><\/h2>\n<h2><strong>Aplicaci\u00f3n:<\/strong><\/h2>\n<h3 style=\"text-align: left;\"><a href=\"http:\/\/aprendeconamigos.com\/wp-content\/uploads\/2025\/02\/Campamento-de-Verano-2025.pdf\">2025 Solicitud de Campamento de Verano<\/a><\/h3>\n<p>Si tienes m\u00e1s preguntas, env\u00eda un correo electr\u00f3nico al centro elegido.<\/p>\n<p>Escuela Cully: teresa@aprendeconamigos.com<br \/>\nEscuela Overlook: tuly@aprendeconamigos.com<\/p>\n<h2><strong>Sobre:<\/strong><\/h2>\n<p>En Aprende con Amigos nuestros campamentos de verano garantizan que los ni\u00f1os \u00abaprendan con amigos\u00bb a trav\u00e9s de un entorno de aprendizaje emocionante, bien equilibrado y activo. Al inscribirte para el verano, debes hacerlo para las siete semanas del campamento, lo que nos permite mantener estables nuestros grupos. Cada d\u00eda los alumnos tienen oportunidades de explorar en nuestras tres \u00e1reas de aprendizaje: arte\/m\u00fasica, matem\u00e1ticas\/ciencia y lengua\/estudios sociales. Cada semana, los alumnos participar\u00e1n en experimentos cient\u00edficos, proyectos art\u00edsticos, sesiones de cocina, juego dram\u00e1tico, escritura creativa, lectura compartida, \u00a1y mucho m\u00e1s! Tanto si tu hijo se familiariza con el espa\u00f1ol por primera vez como si ya lo domina, en Aprende con Amigos habr\u00e1 algo para todos. \u00a1Esperamos verte all\u00ed!<\/p>\n<h2><strong>Campamento de verano Grupos de edad:<\/strong><\/h2>\n<p>Los alumnos se dividir\u00e1n en tres grupos de edad: de 3 a 4 a\u00f1os (preescolares), de 4 a 5 a\u00f1os (preescolares) y de 5 a 6 a\u00f1os (preescolares y primer curso). Cada grupo se mover\u00e1 en un horario rotativo por nuestras tres \u00e1reas de aprendizaje (arte\/m\u00fasica, matem\u00e1ticas\/ciencia, lengua\/estudios sociales).<\/p>\n<h2><strong>Entrega\/Recogida:<\/strong><\/h2>\n<h4>D\u00eda completo: Entrega entre las 8:00 y las 8:30 h. Recogida entre las 15:00 y las 17:00.<\/h4>\n<p>&nbsp;<\/p>\n<h2>Matr\u00edcula mensual del campamento de verano:<\/h2>\n<p><strong>PRECIOS DE MATR\u00cdCULA para julio y agosto:<\/strong><\/p>\n<p><strong>5 d\u00edas completos &#8211; 1.425  <\/strong><\/p>\n<p class=\"p1\">Coste de la matr\u00edcula por semana (para que puedas comparar con otros campamentos de la zona)<\/p>\n<p>&nbsp;<\/p>\n<h3><strong>Mis Cinco Sentidos y Cuentos y F\u00e1bulas<\/strong><\/h3>\n<table>\n<tbody>\n<tr>\n<td width=\"193\"><strong><u>Semana<\/u><\/strong><\/td>\n<td width=\"282\"><strong><u>Descripci\u00f3n<\/u><\/strong><\/td>\n<td width=\"259\"><strong><u>Cully<\/u><\/strong><\/td>\n<\/tr>\n<tr>\n<td width=\"193\">30 de junio<\/td>\n<td width=\"282\">Semana 1 del campamento<\/td>\n<td width=\"259\">Semana 1 del campamento<\/td>\n<\/tr>\n<tr>\n<td width=\"193\">7 de julio<\/td>\n<td width=\"282\">Semana 2 del campamento<\/td>\n<td width=\"259\">Semana 2 del campamento<\/td>\n<\/tr>\n<tr>\n<td width=\"193\">14 de julio<\/td>\n<td width=\"282\">Semana 3 del campamento<\/td>\n<td width=\"259\">Semana 3 del campamento<\/td>\n<\/tr>\n<tr>\n<td width=\"193\">21 de julio<\/td>\n<td width=\"282\">Semana 4 del campamento<\/td>\n<td width=\"259\">Semana 4 del campamento<\/td>\n<\/tr>\n<tr>\n<td width=\"193\">28 de julio<\/td>\n<td width=\"282\">Semana 5 del campamento<\/td>\n<td width=\"259\">Semana 5 de campamento<\/td>\n<\/tr>\n<tr>\n<td width=\"193\">4 de agosto<\/td>\n<td width=\"282\">Semana 6 de campamento<\/td>\n<td width=\"259\">Semana 6 de campamento<\/td>\n<\/tr>\n<tr>\n<td width=\"193\">11 de agosto<\/td>\n<td width=\"282\">Semana 7 del campamento<\/td>\n<td width=\"259\">Semana 7 del campamento<\/td>\n<\/tr>\n<tr>\n<td width=\"193\">18 de agosto<\/td>\n<td width=\"282\">No hay clases<\/td>\n<td width=\"259\">No hay clases<\/td>\n<\/tr>\n<tr>\n<td width=\"193\">25 de agosto<\/td>\n<td width=\"282\">No hay clases\/desarrollo del personal<\/td>\n<td width=\"259\">No hay clases<\/td>\n<\/tr>\n<tr>\n<td width=\"193\"><\/td>\n<td width=\"282\"><\/td>\n<td width=\"259\"><\/td>\n<\/tr>\n<\/tbody>\n<\/table>\n<p><strong><u> <\/u><\/strong><\/p>\n<p><strong><u>Otras notas:<\/u><\/strong><\/p>\n<ul>\n<li>Se da prioridad a las familias retornadas.<\/li>\n<li>Las solicitudes para los campamentos de verano se aceptan en el orden en que se reciben, por lo que te conviene entregarlas lo antes posible.<\/li>\n<li>La matr\u00edcula vence el 15 de junio y el 15 de julio.<\/li>\n<li>Si te das de baja menos de 30 d\u00edas antes del campamento, se adeudar\u00e1 toda la matr\u00edcula.<\/li>\n<\/ul>\n","protected":false},"excerpt":{"rendered":"<p>Campamento de verano 2025 Aplicaci\u00f3n: 2025 Solicitud de Campamento de Verano Si tienes m\u00e1s preguntas, env\u00eda un correo electr\u00f3nico al centro elegido. Escuela Cully: teresa@aprendeconamigos.com Escuela Overlook: tuly@aprendeconamigos.com Sobre: En&#8230;<\/p>\n","protected":false},"author":1,"featured_media":0,"parent":0,"menu_order":0,"comment_status":"closed","ping_status":"closed","template":"","meta":{"jetpack_post_was_ever_published":false,"footnotes":""},"class_list":["post-3296","page","type-page","status-publish","hentry"],"jetpack_sharing_enabled":true,"jetpack_shortlink":"https:\/\/wp.me\/P6SqU3-Ra","jetpack-related-posts":[{"id":3424,"url":"https:\/\/aprendeconamigos.com\/es\/campamento-de-verano-2\/","url_meta":{"origin":3296,"position":0},"title":"Campamento de verano","author":"amrit","date":"21 de agosto de 2024","format":false,"excerpt":"Campamento de verano 2026 Solicitud Campamento de Verano 2026 Descargar solicitud aqu\u00ed Si tienes m\u00e1s preguntas, env\u00eda un correo electr\u00f3nico al centro elegido.Escuela Cully: teresa@aprendeconamigos.comEscuela Overlook: tuly@aprendeconamigos.com Acerca de En Aprende con Amigos nuestros campamentos de verano garantizan que los ni\u00f1os \"aprendan con amigos\" a trav\u00e9s de un entorno de\u2026","rel":"","context":"Entrada similar","block_context":{"text":"Entrada similar","link":""},"img":{"alt_text":"","src":"","width":0,"height":0},"classes":[]},{"id":3304,"url":"https:\/\/aprendeconamigos.com\/es\/calendario\/","url_meta":{"origin":3296,"position":1},"title":"Calendario","author":"Stacey Dunbar","date":"9 de agosto de 2017","format":false,"excerpt":"\u00a0 Calendario del curso escolar 2024-2025 Leyenda: Primer y \u00faltimo d\u00eda de clase Campamento de verano Semanas\/D\u00edas de cierre Conferencias-Media Jornada Desarrollo del personal cerrado \u00a0 Julio de 2024 Fechas Descripci\u00f3n Del 1 al 5 de julio Semana 1 del campamento (el d\u00eda 4 no hay campamento) Estudiantes 8-12 de\u2026","rel":"","context":"Entrada similar","block_context":{"text":"Entrada similar","link":""},"img":{"alt_text":"","src":"https:\/\/i0.wp.com\/aprendeconamigos.com\/wp-content\/uploads\/2024\/07\/Screenshot-2024-07-03-at-10.19.53-AM.png?resize=350%2C200","width":350,"height":200,"srcset":"https:\/\/i0.wp.com\/aprendeconamigos.com\/wp-content\/uploads\/2024\/07\/Screenshot-2024-07-03-at-10.19.53-AM.png?resize=350%2C200 1x, https:\/\/i0.wp.com\/aprendeconamigos.com\/wp-content\/uploads\/2024\/07\/Screenshot-2024-07-03-at-10.19.53-AM.png?resize=525%2C300 1.5x, https:\/\/i0.wp.com\/aprendeconamigos.com\/wp-content\/uploads\/2024\/07\/Screenshot-2024-07-03-at-10.19.53-AM.png?resize=700%2C400 2x, https:\/\/i0.wp.com\/aprendeconamigos.com\/wp-content\/uploads\/2024\/07\/Screenshot-2024-07-03-at-10.19.53-AM.png?resize=1050%2C600 3x, https:\/\/i0.wp.com\/aprendeconamigos.com\/wp-content\/uploads\/2024\/07\/Screenshot-2024-07-03-at-10.19.53-AM.png?resize=1400%2C800 4x"},"classes":[]},{"id":3340,"url":"https:\/\/aprendeconamigos.com\/es\/calendario-nuevo\/","url_meta":{"origin":3296,"position":2},"title":"Calendario","author":"amrit","date":"13 de julio de 2024","format":false,"excerpt":"Calendario del curso escolar 2024-2025 Leyenda: Primer y \u00faltimo d\u00eda de clase Campamento de verano Semanas\/D\u00edas de cierre Conferencias-Media Jornada Desarrollo del personal cerrado *Las vacaciones de febrero y abril pueden incluir d\u00edas de nieve tambi\u00e9n los lunes y martes, si es necesario. Julio de 2024 Agosto de 2024 Septiembre\u2026","rel":"","context":"Entrada similar","block_context":{"text":"Entrada similar","link":""},"img":{"alt_text":"","src":"https:\/\/i0.wp.com\/aprendeconamigos.com\/wp-content\/uploads\/2024\/07\/Screenshot-2024-07-03-at-10.19.53-AM.png?fit=1024%2C947&ssl=1&resize=350%2C200","width":350,"height":200,"srcset":"https:\/\/i0.wp.com\/aprendeconamigos.com\/wp-content\/uploads\/2024\/07\/Screenshot-2024-07-03-at-10.19.53-AM.png?fit=1024%2C947&ssl=1&resize=350%2C200 1x, https:\/\/i0.wp.com\/aprendeconamigos.com\/wp-content\/uploads\/2024\/07\/Screenshot-2024-07-03-at-10.19.53-AM.png?fit=1024%2C947&ssl=1&resize=525%2C300 1.5x, https:\/\/i0.wp.com\/aprendeconamigos.com\/wp-content\/uploads\/2024\/07\/Screenshot-2024-07-03-at-10.19.53-AM.png?fit=1024%2C947&ssl=1&resize=700%2C400 2x"},"classes":[]},{"id":3376,"url":"https:\/\/aprendeconamigos.com\/es\/","url_meta":{"origin":3296,"position":3},"title":"Inicio","author":"amrit","date":"13 de julio de 2024","format":false,"excerpt":"Preescolar de Inmersi\u00f3n en Espa\u00f1ol UBICACIONES EN LOS BARRIOS DE OVERLOOK Y CULLY DE PORTLAND, OREGON. INSCR\u00cdBETE AHORA RUTINA Servicios Premiere Proporcionar servicios preescolares de primera calidad que apoyen al ni\u00f1o en su totalidad: social, emocional, cognitiva y f\u00edsicamente, para garantizar que cada ni\u00f1o alcanza su potencial. Enriquecer a los\u2026","rel":"","context":"Entrada similar","block_context":{"text":"Entrada similar","link":""},"img":{"alt_text":"","src":"https:\/\/i0.wp.com\/aprendeconamigos.com\/wp-content\/uploads\/2024\/07\/Coworking-photo-scaled.jpg?fit=1024%2C683&ssl=1&resize=350%2C200","width":350,"height":200,"srcset":"https:\/\/i0.wp.com\/aprendeconamigos.com\/wp-content\/uploads\/2024\/07\/Coworking-photo-scaled.jpg?fit=1024%2C683&ssl=1&resize=350%2C200 1x, https:\/\/i0.wp.com\/aprendeconamigos.com\/wp-content\/uploads\/2024\/07\/Coworking-photo-scaled.jpg?fit=1024%2C683&ssl=1&resize=525%2C300 1.5x, https:\/\/i0.wp.com\/aprendeconamigos.com\/wp-content\/uploads\/2024\/07\/Coworking-photo-scaled.jpg?fit=1024%2C683&ssl=1&resize=700%2C400 2x"},"classes":[]},{"id":3292,"url":"https:\/\/aprendeconamigos.com\/es\/enfoque-educativo\/","url_meta":{"origin":3296,"position":4},"title":"Enfoque educativo","author":"admin","date":"8 de diciembre de 2014","format":false,"excerpt":"Nuestro enfoque pedag\u00f3gico en Aprende con Amigos se basa en diversas investigaciones, experiencias docentes y teor\u00edas, pero la teor\u00eda de las Inteligencias M\u00faltiples de Gardner est\u00e1 integrada en todo lo que hacemos. Su teor\u00eda identifica siete inteligencias: ling\u00fc\u00edstica, l\u00f3gico-matem\u00e1tica, musical, corporal-cinest\u00e9sica, espacial, interpersonal e intrapersonal. Aunque la mayor\u00eda de las\u2026","rel":"","context":"Entrada similar","block_context":{"text":"Entrada similar","link":""},"img":{"alt_text":"","src":"","width":0,"height":0},"classes":[]},{"id":3411,"url":"https:\/\/aprendeconamigos.com\/es\/enfoque-educativo-2\/","url_meta":{"origin":3296,"position":5},"title":"Enfoque educativo","author":"amrit","date":"13 de julio de 2024","format":false,"excerpt":"Adquisici\u00f3n de la lengua espa\u00f1ola Nuestro enfoque pedag\u00f3gico en Aprende con Amigos se basa en diversas investigaciones, experiencias docentes y teor\u00edas, pero la teor\u00eda de las Inteligencias M\u00faltiples de Gardner est\u00e1 integrada en todo lo que hacemos. Su teor\u00eda identifica siete inteligencias: ling\u00fc\u00edstica, l\u00f3gico-matem\u00e1tica, musical, corporal-cinest\u00e9sica, espacial, interpersonal e intrapersonal.\u2026","rel":"","context":"Entrada similar","block_context":{"text":"Entrada similar","link":""},"img":{"alt_text":"","src":"https:\/\/i0.wp.com\/aprendeconamigos.com\/wp-content\/uploads\/2024\/07\/access-to-child-care-scaled.jpg?fit=1024%2C849&ssl=1&resize=350%2C200","width":350,"height":200,"srcset":"https:\/\/i0.wp.com\/aprendeconamigos.com\/wp-content\/uploads\/2024\/07\/access-to-child-care-scaled.jpg?fit=1024%2C849&ssl=1&resize=350%2C200 1x, https:\/\/i0.wp.com\/aprendeconamigos.com\/wp-content\/uploads\/2024\/07\/access-to-child-care-scaled.jpg?fit=1024%2C849&ssl=1&resize=525%2C300 1.5x, https:\/\/i0.wp.com\/aprendeconamigos.com\/wp-content\/uploads\/2024\/07\/access-to-child-care-scaled.jpg?fit=1024%2C849&ssl=1&resize=700%2C400 2x"},"classes":[]}],"_links":{"self":[{"href":"https:\/\/aprendeconamigos.com\/es\/wp-json\/wp\/v2\/pages\/3296","targetHints":{"allow":["GET"]}}],"collection":[{"href":"https:\/\/aprendeconamigos.com\/es\/wp-json\/wp\/v2\/pages"}],"about":[{"href":"https:\/\/aprendeconamigos.com\/es\/wp-json\/wp\/v2\/types\/page"}],"author":[{"embeddable":true,"href":"https:\/\/aprendeconamigos.com\/es\/wp-json\/wp\/v2\/users\/1"}],"replies":[{"embeddable":true,"href":"https:\/\/aprendeconamigos.com\/es\/wp-json\/wp\/v2\/comments?post=3296"}],"version-history":[{"count":0,"href":"https:\/\/aprendeconamigos.com\/es\/wp-json\/wp\/v2\/pages\/3296\/revisions"}],"wp:attachment":[{"href":"https:\/\/aprendeconamigos.com\/es\/wp-json\/wp\/v2\/media?parent=3296"}],"curies":[{"name":"wp","href":"https:\/\/api.w.org\/{rel}","templated":true}]}}