

{"id":3414,"date":"2024-07-13T21:16:03","date_gmt":"2024-07-13T21:16:03","guid":{"rendered":"https:\/\/aprendeconamigos.com\/ponte-en-contacto-con\/"},"modified":"2025-02-07T12:40:19","modified_gmt":"2025-02-07T12:40:19","slug":"ponte-en-contacto-con","status":"publish","type":"page","link":"https:\/\/aprendeconamigos.com\/es\/ponte-en-contacto-con\/","title":{"rendered":"Ponte en contacto con"},"content":{"rendered":"\t\t<div data-elementor-type=\"wp-page\" data-elementor-id=\"3414\" class=\"elementor elementor-3414 elementor-3413\" data-elementor-post-type=\"page\">\n\t\t\t\t<div class=\"elementor-element elementor-element-9bc8979 e-flex e-con-boxed e-con e-parent\" data-id=\"9bc8979\" data-element_type=\"container\" data-e-type=\"container\">\n\t\t\t\t\t<div class=\"e-con-inner\">\n\t\t\t\t<div class=\"elementor-element elementor-element-74e0a19 elementor-widget elementor-widget-heading\" data-id=\"74e0a19\" data-element_type=\"widget\" data-e-type=\"widget\" data-widget_type=\"heading.default\">\n\t\t\t\t<div class=\"elementor-widget-container\">\n\t\t\t\t\t<h2 class=\"elementor-heading-title elementor-size-default\">Contacto Aprende con Amigos<\/h2>\t\t\t\t<\/div>\n\t\t\t\t<\/div>\n\t\t\t\t<div class=\"elementor-element elementor-element-2c58ced elementor-widget elementor-widget-text-editor\" data-id=\"2c58ced\" data-element_type=\"widget\" data-e-type=\"widget\" data-widget_type=\"text-editor.default\">\n\t\t\t\t<div class=\"elementor-widget-container\">\n\t\t\t\t\t\t\t\t\t<p>\u00a1Actualmente estamos matriculando a nuevos alumnos!<\/p>\n<p><span class=\"style1\">Para una respuesta m\u00e1s r\u00e1pida, env\u00edanos un correo electr\u00f3nico con tus preguntas.<\/span><\/p>\n<p><span class=\"style4\">Cuando nos env\u00edes un correo electr\u00f3nico, incluye tu nombre y apellidos y un n\u00famero de tel\u00e9fono donde podamos localizarte.<\/span><\/p>\n<p>Para cualquier <b>consulta sobre la inscripci\u00f3n:<\/b> Env\u00edanos un correo electr\u00f3nico a <a href=\"mailto:aprende@aprendeconamigos.com\" target=\"_blank\" rel=\"noopener\">aprende@aprendeconamigos.com<\/a><\/p>\n\t\t\t\t\t\t\t\t<\/div>\n\t\t\t\t<\/div>\n\t\t\t\t\t<\/div>\n\t\t\t\t<\/div>\n\t\t<div class=\"elementor-element elementor-element-6db299d elementor-hidden-mobile e-flex e-con-boxed e-con e-parent\" data-id=\"6db299d\" data-element_type=\"container\" data-e-type=\"container\">\n\t\t\t\t\t<div class=\"e-con-inner\">\n\t\t<div class=\"elementor-element elementor-element-c6ab6f0 e-con-full e-flex e-con e-child\" data-id=\"c6ab6f0\" data-element_type=\"container\" data-e-type=\"container\">\n\t\t\t\t<div class=\"elementor-element elementor-element-d4e9abf elementor-widget elementor-widget-google_maps\" data-id=\"d4e9abf\" data-element_type=\"widget\" data-e-type=\"widget\" data-widget_type=\"google_maps.default\">\n\t\t\t\t<div class=\"elementor-widget-container\">\n\t\t\t\t\t\t\t<div class=\"elementor-custom-embed\">\n\t\t\t<iframe loading=\"lazy\"\n\t\t\t\t\tsrc=\"https:\/\/maps.google.com\/maps?q=5206%20N.%20Interstate%20Avenue%2C%20Portland%2C%20Oregon%2097217&#038;t=m&#038;z=15&#038;output=embed&#038;iwloc=near\"\n\t\t\t\t\ttitle=\"5206 N. Interstate Avenue, Portland, Oregon 97217\"\n\t\t\t\t\taria-label=\"5206 N. Interstate Avenue, Portland, Oregon 97217\"\n\t\t\t><\/iframe>\n\t\t<\/div>\n\t\t\t\t\t\t<\/div>\n\t\t\t\t<\/div>\n\t\t\t\t<\/div>\n\t\t<div class=\"elementor-element elementor-element-9a98de6 e-con-full e-flex e-con e-child\" data-id=\"9a98de6\" data-element_type=\"container\" data-e-type=\"container\">\n\t\t\t\t<div class=\"elementor-element elementor-element-a174a20 elementor-widget elementor-widget-heading\" data-id=\"a174a20\" data-element_type=\"widget\" data-e-type=\"widget\" data-widget_type=\"heading.default\">\n\t\t\t\t<div class=\"elementor-widget-container\">\n\t\t\t\t\t<h2 class=\"elementor-heading-title elementor-size-default\">Escuela Overlook<\/h2>\t\t\t\t<\/div>\n\t\t\t\t<\/div>\n\t\t\t\t<div class=\"elementor-element elementor-element-f3ed5a3 elementor-widget elementor-widget-heading\" data-id=\"f3ed5a3\" data-element_type=\"widget\" data-e-type=\"widget\" data-widget_type=\"heading.default\">\n\t\t\t\t<div class=\"elementor-widget-container\">\n\t\t\t\t\t<h3 class=\"elementor-heading-title elementor-size-default\">Ponte en contacto con<\/h3>\t\t\t\t<\/div>\n\t\t\t\t<\/div>\n\t\t\t\t<div class=\"elementor-element elementor-element-ef21154 elementor-widget elementor-widget-text-editor\" data-id=\"ef21154\" data-element_type=\"widget\" data-e-type=\"widget\" data-widget_type=\"text-editor.default\">\n\t\t\t\t<div class=\"elementor-widget-container\">\n\t\t\t\t\t\t\t\t\t<p>Tuly Novoa: <a href=\"mailto:tuly@aprendeconamigos.com\">tuly@aprendeconamigos.com<\/a><\/p>\n\t\t\t\t\t\t\t\t<\/div>\n\t\t\t\t<\/div>\n\t\t\t\t<div class=\"elementor-element elementor-element-042da0f elementor-widget elementor-widget-heading\" data-id=\"042da0f\" data-element_type=\"widget\" data-e-type=\"widget\" data-widget_type=\"heading.default\">\n\t\t\t\t<div class=\"elementor-widget-container\">\n\t\t\t\t\t<h3 class=\"elementor-heading-title elementor-size-default\">Direcci\u00f3n<\/h3>\t\t\t\t<\/div>\n\t\t\t\t<\/div>\n\t\t\t\t<div class=\"elementor-element elementor-element-7a8ea1d elementor-widget elementor-widget-text-editor\" data-id=\"7a8ea1d\" data-element_type=\"widget\" data-e-type=\"widget\" data-widget_type=\"text-editor.default\">\n\t\t\t\t<div class=\"elementor-widget-container\">\n\t\t\t\t\t\t\t\t\t<p>5206 N. Interstate Avenue, Portland, Oreg\u00f3n 97217<\/p>\n\t\t\t\t\t\t\t\t<\/div>\n\t\t\t\t<\/div>\n\t\t\t\t<\/div>\n\t\t\t\t\t<\/div>\n\t\t\t\t<\/div>\n\t\t<div class=\"elementor-element elementor-element-f087eb8 elementor-hidden-desktop elementor-hidden-tablet e-flex e-con-boxed e-con e-parent\" data-id=\"f087eb8\" data-element_type=\"container\" data-e-type=\"container\">\n\t\t\t\t\t<div class=\"e-con-inner\">\n\t\t<div class=\"elementor-element elementor-element-765303a e-con-full e-flex e-con e-child\" data-id=\"765303a\" data-element_type=\"container\" data-e-type=\"container\">\n\t\t\t\t<div class=\"elementor-element elementor-element-88631ea elementor-widget elementor-widget-heading\" data-id=\"88631ea\" data-element_type=\"widget\" data-e-type=\"widget\" data-widget_type=\"heading.default\">\n\t\t\t\t<div class=\"elementor-widget-container\">\n\t\t\t\t\t<h2 class=\"elementor-heading-title elementor-size-default\">Escuela Overlook<\/h2>\t\t\t\t<\/div>\n\t\t\t\t<\/div>\n\t\t\t\t<div class=\"elementor-element elementor-element-9412b6d elementor-widget elementor-widget-heading\" data-id=\"9412b6d\" data-element_type=\"widget\" data-e-type=\"widget\" data-widget_type=\"heading.default\">\n\t\t\t\t<div class=\"elementor-widget-container\">\n\t\t\t\t\t<h3 class=\"elementor-heading-title elementor-size-default\">Ponte en contacto con<\/h3>\t\t\t\t<\/div>\n\t\t\t\t<\/div>\n\t\t\t\t<div class=\"elementor-element elementor-element-c237d5b elementor-widget elementor-widget-text-editor\" data-id=\"c237d5b\" data-element_type=\"widget\" data-e-type=\"widget\" data-widget_type=\"text-editor.default\">\n\t\t\t\t<div class=\"elementor-widget-container\">\n\t\t\t\t\t\t\t\t\t<p>Tuly Novoa: <a href=\"mailto:tuly@aprendeconamigos.com\">tuly@aprendeconamigos.com<\/a><\/p>\n\t\t\t\t\t\t\t\t<\/div>\n\t\t\t\t<\/div>\n\t\t\t\t<div class=\"elementor-element elementor-element-ed73877 elementor-widget elementor-widget-heading\" data-id=\"ed73877\" data-element_type=\"widget\" data-e-type=\"widget\" data-widget_type=\"heading.default\">\n\t\t\t\t<div class=\"elementor-widget-container\">\n\t\t\t\t\t<h3 class=\"elementor-heading-title elementor-size-default\">Direcci\u00f3n<\/h3>\t\t\t\t<\/div>\n\t\t\t\t<\/div>\n\t\t\t\t<div class=\"elementor-element elementor-element-e8e8dd8 elementor-widget elementor-widget-text-editor\" data-id=\"e8e8dd8\" data-element_type=\"widget\" data-e-type=\"widget\" data-widget_type=\"text-editor.default\">\n\t\t\t\t<div class=\"elementor-widget-container\">\n\t\t\t\t\t\t\t\t\t<p>5206 N. Interstate Avenue, Portland, Oreg\u00f3n 97217<\/p>\n\t\t\t\t\t\t\t\t<\/div>\n\t\t\t\t<\/div>\n\t\t\t\t<\/div>\n\t\t<div class=\"elementor-element elementor-element-0a01d83 e-con-full e-flex e-con e-child\" data-id=\"0a01d83\" data-element_type=\"container\" data-e-type=\"container\">\n\t\t\t\t<div class=\"elementor-element elementor-element-a8165aa elementor-widget elementor-widget-google_maps\" data-id=\"a8165aa\" data-element_type=\"widget\" data-e-type=\"widget\" data-widget_type=\"google_maps.default\">\n\t\t\t\t<div class=\"elementor-widget-container\">\n\t\t\t\t\t\t\t<div class=\"elementor-custom-embed\">\n\t\t\t<iframe loading=\"lazy\"\n\t\t\t\t\tsrc=\"https:\/\/maps.google.com\/maps?q=5206%20N.%20Interstate%20Avenue%2C%20Portland%2C%20Oregon%2097217&#038;t=m&#038;z=15&#038;output=embed&#038;iwloc=near\"\n\t\t\t\t\ttitle=\"5206 N. Interstate Avenue, Portland, Oregon 97217\"\n\t\t\t\t\taria-label=\"5206 N. Interstate Avenue, Portland, Oregon 97217\"\n\t\t\t><\/iframe>\n\t\t<\/div>\n\t\t\t\t\t\t<\/div>\n\t\t\t\t<\/div>\n\t\t\t\t<\/div>\n\t\t\t\t\t<\/div>\n\t\t\t\t<\/div>\n\t\t<div class=\"elementor-element elementor-element-9ceee73 e-flex e-con-boxed e-con e-parent\" data-id=\"9ceee73\" data-element_type=\"container\" data-e-type=\"container\">\n\t\t\t\t\t<div class=\"e-con-inner\">\n\t\t<div class=\"elementor-element elementor-element-b0cdca1 e-con-full e-flex e-con e-child\" data-id=\"b0cdca1\" data-element_type=\"container\" data-e-type=\"container\">\n\t\t\t\t<div class=\"elementor-element elementor-element-6a304e3 elementor-widget elementor-widget-heading\" data-id=\"6a304e3\" data-element_type=\"widget\" data-e-type=\"widget\" data-widget_type=\"heading.default\">\n\t\t\t\t<div class=\"elementor-widget-container\">\n\t\t\t\t\t<h2 class=\"elementor-heading-title elementor-size-default\">Escuela Cully<\/h2>\t\t\t\t<\/div>\n\t\t\t\t<\/div>\n\t\t\t\t<div class=\"elementor-element elementor-element-3b5d2dc elementor-widget elementor-widget-heading\" data-id=\"3b5d2dc\" data-element_type=\"widget\" data-e-type=\"widget\" data-widget_type=\"heading.default\">\n\t\t\t\t<div class=\"elementor-widget-container\">\n\t\t\t\t\t<h3 class=\"elementor-heading-title elementor-size-default\">Ponte en contacto con<\/h3>\t\t\t\t<\/div>\n\t\t\t\t<\/div>\n\t\t\t\t<div class=\"elementor-element elementor-element-a2db0de elementor-widget elementor-widget-text-editor\" data-id=\"a2db0de\" data-element_type=\"widget\" data-e-type=\"widget\" data-widget_type=\"text-editor.default\">\n\t\t\t\t<div class=\"elementor-widget-container\">\n\t\t\t\t\t\t\t\t\t<p>Teresa Hern\u00e1ndez: <a href=\"mailto:teresa@aprendeconamigos.com\">teresa@aprendeconamigos.com<\/a><\/p>\n\t\t\t\t\t\t\t\t<\/div>\n\t\t\t\t<\/div>\n\t\t\t\t<div class=\"elementor-element elementor-element-c34bfcb elementor-widget elementor-widget-heading\" data-id=\"c34bfcb\" data-element_type=\"widget\" data-e-type=\"widget\" data-widget_type=\"heading.default\">\n\t\t\t\t<div class=\"elementor-widget-container\">\n\t\t\t\t\t<h3 class=\"elementor-heading-title elementor-size-default\">Direcci\u00f3n<\/h3>\t\t\t\t<\/div>\n\t\t\t\t<\/div>\n\t\t\t\t<div class=\"elementor-element elementor-element-5ec7c27 elementor-widget elementor-widget-text-editor\" data-id=\"5ec7c27\" data-element_type=\"widget\" data-e-type=\"widget\" data-widget_type=\"text-editor.default\">\n\t\t\t\t<div class=\"elementor-widget-container\">\n\t\t\t\t\t\t\t\t\t<p>4905 NE 42nd Avenue, Portland, Oreg\u00f3n 97218<\/p>\n\t\t\t\t\t\t\t\t<\/div>\n\t\t\t\t<\/div>\n\t\t\t\t<\/div>\n\t\t<div class=\"elementor-element elementor-element-7bf2f70 e-con-full e-flex e-con e-child\" data-id=\"7bf2f70\" data-element_type=\"container\" data-e-type=\"container\">\n\t\t\t\t<div class=\"elementor-element elementor-element-c055884 elementor-widget elementor-widget-google_maps\" data-id=\"c055884\" data-element_type=\"widget\" data-e-type=\"widget\" data-widget_type=\"google_maps.default\">\n\t\t\t\t<div class=\"elementor-widget-container\">\n\t\t\t\t\t\t\t<div class=\"elementor-custom-embed\">\n\t\t\t<iframe loading=\"lazy\"\n\t\t\t\t\tsrc=\"https:\/\/maps.google.com\/maps?q=4905%20NE%2042nd%20Avenue%2C%20Portland%2C%20Oregon%2097218&#038;t=m&#038;z=15&#038;output=embed&#038;iwloc=near\"\n\t\t\t\t\ttitle=\"4905 NE 42nd Avenue, Portland, Oregon 97218\"\n\t\t\t\t\taria-label=\"4905 NE 42nd Avenue, Portland, Oregon 97218\"\n\t\t\t><\/iframe>\n\t\t<\/div>\n\t\t\t\t\t\t<\/div>\n\t\t\t\t<\/div>\n\t\t\t\t<\/div>\n\t\t\t\t\t<\/div>\n\t\t\t\t<\/div>\n\t\t\t\t<\/div>\n\t\t","protected":false},"excerpt":{"rendered":"<p>Contacto Aprende con Amigos \u00a1Actualmente estamos matriculando a nuevos alumnos! Para una respuesta m\u00e1s r\u00e1pida, env\u00edanos un correo electr\u00f3nico con tus preguntas. Cuando nos env\u00edes un correo electr\u00f3nico, incluye tu&#8230;<\/p>\n","protected":false},"author":7,"featured_media":0,"parent":0,"menu_order":0,"comment_status":"closed","ping_status":"closed","template":"","meta":{"jetpack_post_was_ever_published":false,"footnotes":""},"class_list":["post-3414","page","type-page","status-publish","hentry"],"jetpack_sharing_enabled":true,"jetpack_shortlink":"https:\/\/wp.me\/P6SqU3-T4","jetpack-related-posts":[{"id":3413,"url":"https:\/\/aprendeconamigos.com\/contact\/","url_meta":{"origin":3414,"position":0},"title":"Contact","author":"amrit","date":"13 de julio de 2024","format":false,"excerpt":"Contact Aprende con Amigos We are currently enrolling new students!For the fastest response please email us with any questions\u00a0you may have!When emailing us, please include your first and last name and a phone number where you can be reached.For all\u00a0enrollment inquires: Please e-mail us at aprende@aprendeconamigos.com Overlook School Contact Tuly\u2026","rel":"","context":"Entrada similar","block_context":{"text":"Entrada similar","link":""},"img":{"alt_text":"","src":"","width":0,"height":0},"classes":[]},{"id":3326,"url":"https:\/\/aprendeconamigos.com\/es\/profesorado-nuevo\/","url_meta":{"origin":3414,"position":1},"title":"Profesorado nuevo","author":"amrit","date":"3 de julio de 2024","format":false,"excerpt":"STACEY DUNBAR Propietario Lorem ipsum dolor sit amet, consectetur adipiscing elit. Ut elit tellus, luctus nec ullamcorper mattis, pulvinar dapibus leo. \"TULY\" GERTRUDIS NOVOA GARCIA Propietario\/Director Tuly Novoa es una maestra de preescolar licenciada de Venezuela con amplia experiencia en educaci\u00f3n infantil. Ha trabajado con ni\u00f1os en diversos puestos, como\u2026","rel":"","context":"Entrada similar","block_context":{"text":"Entrada similar","link":""},"img":{"alt_text":"","src":"https:\/\/i0.wp.com\/aprendeconamigos.com\/wp-content\/uploads\/2022\/02\/Aspen-Center_lifestyle_9C2A2489-scaled.jpg?fit=1024%2C683&ssl=1&resize=350%2C200","width":350,"height":200,"srcset":"https:\/\/i0.wp.com\/aprendeconamigos.com\/wp-content\/uploads\/2022\/02\/Aspen-Center_lifestyle_9C2A2489-scaled.jpg?fit=1024%2C683&ssl=1&resize=350%2C200 1x, https:\/\/i0.wp.com\/aprendeconamigos.com\/wp-content\/uploads\/2022\/02\/Aspen-Center_lifestyle_9C2A2489-scaled.jpg?fit=1024%2C683&ssl=1&resize=525%2C300 1.5x, https:\/\/i0.wp.com\/aprendeconamigos.com\/wp-content\/uploads\/2022\/02\/Aspen-Center_lifestyle_9C2A2489-scaled.jpg?fit=1024%2C683&ssl=1&resize=700%2C400 2x"},"classes":[]},{"id":2,"url":"https:\/\/aprendeconamigos.com\/enrollment\/","url_meta":{"origin":3414,"position":2},"title":"Enrollment &#038; Tuition","author":"admin","date":"4 de diciembre de 2014","format":false,"excerpt":"ENROLLMENT & TUITION Aprende con Amigos\u2014Preschool Academy welcomes all children three to five years of age. We are excited to announce that we are a PRESCHOOL FOR ALL PROGRAM! All\u00a0slots at both our Overlook and Cully sites will be reserved for families who applied for Preschool for All.\u00a0Preschool for All\u2026","rel":"","context":"Entrada similar","block_context":{"text":"Entrada similar","link":""},"img":{"alt_text":"","src":"","width":0,"height":0},"classes":[]},{"id":36,"url":"https:\/\/aprendeconamigos.com\/daily-routine\/","url_meta":{"origin":3414,"position":3},"title":"Daily Routine","author":"admin","date":"8 de diciembre de 2014","format":false,"excerpt":"Daily Routine At Aprende con Amigos, we understand\u00a0that children learn best and feel happiest in a calm, predictable and engaging environment. Our daily routine is designed to do just that and much more.Our teachers understand and value the importance of mixed-age and focused-age groups. Therefore, our daily routine allows children\u2026","rel":"","context":"Entrada similar","block_context":{"text":"Entrada similar","link":""},"img":{"alt_text":"","src":"https:\/\/i0.wp.com\/aprendeconamigos.com\/wp-content\/uploads\/2024\/07\/Caballitos-at-Overlook-1024x720.jpg?resize=350%2C200","width":350,"height":200,"srcset":"https:\/\/i0.wp.com\/aprendeconamigos.com\/wp-content\/uploads\/2024\/07\/Caballitos-at-Overlook-1024x720.jpg?resize=350%2C200 1x, https:\/\/i0.wp.com\/aprendeconamigos.com\/wp-content\/uploads\/2024\/07\/Caballitos-at-Overlook-1024x720.jpg?resize=525%2C300 1.5x, https:\/\/i0.wp.com\/aprendeconamigos.com\/wp-content\/uploads\/2024\/07\/Caballitos-at-Overlook-1024x720.jpg?resize=700%2C400 2x"},"classes":[]},{"id":3333,"url":"https:\/\/aprendeconamigos.com\/faculty-2\/","url_meta":{"origin":3414,"position":4},"title":"Faculty","author":"amrit","date":"13 de julio de 2024","format":false,"excerpt":"Stacey Dunbar Owner Stacey Dunbar's teaching career spans over 25 years in the field of education. Born and raised in the Chicagoland area, her midwestern values of hard work, friendliness, and grit still are the cornerstone of every goal she sets and achieves. In addition, Stacey's degree in Early Elementary\u2026","rel":"","context":"Entrada similar","block_context":{"text":"Entrada similar","link":""},"img":{"alt_text":"","src":"https:\/\/i0.wp.com\/aprendeconamigos.com\/wp-content\/uploads\/2024\/08\/SKP_3110-1-819x1024.jpg?resize=350%2C200","width":350,"height":200,"srcset":"https:\/\/i0.wp.com\/aprendeconamigos.com\/wp-content\/uploads\/2024\/08\/SKP_3110-1-819x1024.jpg?resize=350%2C200 1x, https:\/\/i0.wp.com\/aprendeconamigos.com\/wp-content\/uploads\/2024\/08\/SKP_3110-1-819x1024.jpg?resize=525%2C300 1.5x, https:\/\/i0.wp.com\/aprendeconamigos.com\/wp-content\/uploads\/2024\/08\/SKP_3110-1-819x1024.jpg?resize=700%2C400 2x"},"classes":[]},{"id":3338,"url":"https:\/\/aprendeconamigos.com\/calendar-2\/","url_meta":{"origin":3414,"position":5},"title":"Calendar","author":"amrit","date":"13 de julio de 2024","format":false,"excerpt":"2024-2025 School Year Calendar Key Legend: First day of School & Last day of School Summer Camp Weeks\/Days Closed Conferences-Half Days Closed staff development *February and April Breaks may build in snow days as well on Mondays and Tuesdays, if needed. July 2024 August 2024 September 2024 October 2024 November\u2026","rel":"","context":"Entrada similar","block_context":{"text":"Entrada similar","link":""},"img":{"alt_text":"","src":"https:\/\/i0.wp.com\/aprendeconamigos.com\/wp-content\/uploads\/2024\/07\/Screenshot-2024-07-03-at-10.19.53-AM-1024x947.png?resize=350%2C200","width":350,"height":200,"srcset":"https:\/\/i0.wp.com\/aprendeconamigos.com\/wp-content\/uploads\/2024\/07\/Screenshot-2024-07-03-at-10.19.53-AM-1024x947.png?resize=350%2C200 1x, https:\/\/i0.wp.com\/aprendeconamigos.com\/wp-content\/uploads\/2024\/07\/Screenshot-2024-07-03-at-10.19.53-AM-1024x947.png?resize=525%2C300 1.5x, https:\/\/i0.wp.com\/aprendeconamigos.com\/wp-content\/uploads\/2024\/07\/Screenshot-2024-07-03-at-10.19.53-AM-1024x947.png?resize=700%2C400 2x"},"classes":[]}],"_links":{"self":[{"href":"https:\/\/aprendeconamigos.com\/es\/wp-json\/wp\/v2\/pages\/3414","targetHints":{"allow":["GET"]}}],"collection":[{"href":"https:\/\/aprendeconamigos.com\/es\/wp-json\/wp\/v2\/pages"}],"about":[{"href":"https:\/\/aprendeconamigos.com\/es\/wp-json\/wp\/v2\/types\/page"}],"author":[{"embeddable":true,"href":"https:\/\/aprendeconamigos.com\/es\/wp-json\/wp\/v2\/users\/7"}],"replies":[{"embeddable":true,"href":"https:\/\/aprendeconamigos.com\/es\/wp-json\/wp\/v2\/comments?post=3414"}],"version-history":[{"count":0,"href":"https:\/\/aprendeconamigos.com\/es\/wp-json\/wp\/v2\/pages\/3414\/revisions"}],"wp:attachment":[{"href":"https:\/\/aprendeconamigos.com\/es\/wp-json\/wp\/v2\/media?parent=3414"}],"curies":[{"name":"wp","href":"https:\/\/api.w.org\/{rel}","templated":true}]}}