

{"id":3424,"date":"2024-08-21T15:11:25","date_gmt":"2024-08-21T15:11:25","guid":{"rendered":"https:\/\/aprendeconamigos.com\/campamento-de-verano-2\/"},"modified":"2026-03-12T21:39:48","modified_gmt":"2026-03-12T21:39:48","slug":"campamento-de-verano-2","status":"publish","type":"page","link":"https:\/\/aprendeconamigos.com\/es\/campamento-de-verano-2\/","title":{"rendered":"Campamento de verano"},"content":{"rendered":"\t\t<div data-elementor-type=\"wp-page\" data-elementor-id=\"3424\" class=\"elementor elementor-3424 elementor-3423\" data-elementor-post-type=\"page\">\n\t\t\t\t<div class=\"elementor-element elementor-element-8639fbb e-flex e-con-boxed e-con e-parent\" data-id=\"8639fbb\" data-element_type=\"container\" data-e-type=\"container\" data-settings=\"{&quot;background_background&quot;:&quot;classic&quot;}\">\n\t\t\t\t\t<div class=\"e-con-inner\">\n\t\t\t\t<div class=\"elementor-element elementor-element-ac24f1a elementor-widget elementor-widget-heading\" data-id=\"ac24f1a\" data-element_type=\"widget\" data-e-type=\"widget\" data-widget_type=\"heading.default\">\n\t\t\t\t<div class=\"elementor-widget-container\">\n\t\t\t\t\t<h2 class=\"elementor-heading-title elementor-size-default\">Campamento de verano 2026<\/h2>\t\t\t\t<\/div>\n\t\t\t\t<\/div>\n\t\t\t\t<div class=\"elementor-element elementor-element-bae4a8f elementor-widget elementor-widget-heading\" data-id=\"bae4a8f\" data-element_type=\"widget\" data-e-type=\"widget\" data-widget_type=\"heading.default\">\n\t\t\t\t<div class=\"elementor-widget-container\">\n\t\t\t\t\t<h2 class=\"elementor-heading-title elementor-size-default\">Solicitud Campamento de Verano 2026<\/h2>\t\t\t\t<\/div>\n\t\t\t\t<\/div>\n\t\t\t\t<div class=\"elementor-element elementor-element-9f5afce elementor-widget elementor-widget-button\" data-id=\"9f5afce\" data-element_type=\"widget\" data-e-type=\"widget\" data-widget_type=\"button.default\">\n\t\t\t\t<div class=\"elementor-widget-container\">\n\t\t\t\t\t\t\t\t\t<div class=\"elementor-button-wrapper\">\n\t\t\t\t\t<a class=\"elementor-button elementor-button-link elementor-size-sm\" href=\"http:\/\/aprendeconamigos.com\/wp-content\/uploads\/2026\/03\/2026-Summer-Camp-Enrollment-Letter.pdf\" target=\"_blank\">\n\t\t\t\t\t\t<span class=\"elementor-button-content-wrapper\">\n\t\t\t\t\t\t\t\t\t<span class=\"elementor-button-text\">Descargar solicitud aqu\u00ed<\/span>\n\t\t\t\t\t<\/span>\n\t\t\t\t\t<\/a>\n\t\t\t\t<\/div>\n\t\t\t\t\t\t\t\t<\/div>\n\t\t\t\t<\/div>\n\t\t\t\t<div class=\"elementor-element elementor-element-3725d3f elementor-widget elementor-widget-text-editor\" data-id=\"3725d3f\" data-element_type=\"widget\" data-e-type=\"widget\" data-widget_type=\"text-editor.default\">\n\t\t\t\t<div class=\"elementor-widget-container\">\n\t\t\t\t\t\t\t\t\t<p>Si tienes m\u00e1s preguntas, env\u00eda un correo electr\u00f3nico al centro elegido.<\/p><ul><li>Escuela Cully: teresa@aprendeconamigos.com<\/li><li>Escuela Overlook: tuly@aprendeconamigos.com<\/li><\/ul>\t\t\t\t\t\t\t\t<\/div>\n\t\t\t\t<\/div>\n\t\t\t\t<div class=\"elementor-element elementor-element-32233a9 elementor-widget elementor-widget-heading\" data-id=\"32233a9\" data-element_type=\"widget\" data-e-type=\"widget\" data-widget_type=\"heading.default\">\n\t\t\t\t<div class=\"elementor-widget-container\">\n\t\t\t\t\t<h2 class=\"elementor-heading-title elementor-size-default\">Acerca de<\/h2>\t\t\t\t<\/div>\n\t\t\t\t<\/div>\n\t\t\t\t<div class=\"elementor-element elementor-element-a64d79c elementor-widget elementor-widget-text-editor\" data-id=\"a64d79c\" data-element_type=\"widget\" data-e-type=\"widget\" data-widget_type=\"text-editor.default\">\n\t\t\t\t<div class=\"elementor-widget-container\">\n\t\t\t\t\t\t\t\t\t<p>En Aprende con Amigos nuestros campamentos de verano garantizan que los ni\u00f1os \u00abaprendan con amigos\u00bb a trav\u00e9s de un entorno de aprendizaje emocionante, bien equilibrado y activo. Al inscribirte para el verano, debes hacerlo para las siete semanas del campamento, lo que nos permite mantener estables nuestros grupos. Cada d\u00eda los alumnos tienen oportunidades de explorar en nuestras tres \u00e1reas de aprendizaje: arte\/m\u00fasica, matem\u00e1ticas\/ciencia y lengua\/estudios sociales. Cada semana, los alumnos participar\u00e1n en experimentos cient\u00edficos, proyectos art\u00edsticos, sesiones de cocina, juego dram\u00e1tico, escritura creativa, lectura compartida, \u00a1y mucho m\u00e1s! Tanto si tu hijo se familiariza con el espa\u00f1ol por primera vez como si ya lo domina, en Aprende con Amigos habr\u00e1 algo para todos. \u00a1Esperamos verte all\u00ed!<\/p>\t\t\t\t\t\t\t\t<\/div>\n\t\t\t\t<\/div>\n\t\t\t\t<div class=\"elementor-element elementor-element-af89f2e elementor-widget elementor-widget-heading\" data-id=\"af89f2e\" data-element_type=\"widget\" data-e-type=\"widget\" data-widget_type=\"heading.default\">\n\t\t\t\t<div class=\"elementor-widget-container\">\n\t\t\t\t\t<h2 class=\"elementor-heading-title elementor-size-default\">Grupos de edad del campamento de verano<\/h2>\t\t\t\t<\/div>\n\t\t\t\t<\/div>\n\t\t\t\t<div class=\"elementor-element elementor-element-7057982 elementor-widget elementor-widget-text-editor\" data-id=\"7057982\" data-element_type=\"widget\" data-e-type=\"widget\" data-widget_type=\"text-editor.default\">\n\t\t\t\t<div class=\"elementor-widget-container\">\n\t\t\t\t\t\t\t\t\t<p>Los alumnos se dividir\u00e1n en tres grupos de edad: de 3 a 4 a\u00f1os (preescolares), de 4 a 5 a\u00f1os (preescolares) y de 5 a 6 a\u00f1os (preescolares y primer curso). Cada grupo se mover\u00e1 en un horario rotativo por nuestras tres \u00e1reas de aprendizaje (arte\/m\u00fasica, matem\u00e1ticas\/ciencia, lengua\/estudios sociales).<\/p>\t\t\t\t\t\t\t\t<\/div>\n\t\t\t\t<\/div>\n\t\t\t\t<div class=\"elementor-element elementor-element-4f62fc8 elementor-widget elementor-widget-heading\" data-id=\"4f62fc8\" data-element_type=\"widget\" data-e-type=\"widget\" data-widget_type=\"heading.default\">\n\t\t\t\t<div class=\"elementor-widget-container\">\n\t\t\t\t\t<h2 class=\"elementor-heading-title elementor-size-default\">Entrega\/Recogida:<\/h2>\t\t\t\t<\/div>\n\t\t\t\t<\/div>\n\t\t\t\t<div class=\"elementor-element elementor-element-ae96aab elementor-widget elementor-widget-text-editor\" data-id=\"ae96aab\" data-element_type=\"widget\" data-e-type=\"widget\" data-widget_type=\"text-editor.default\">\n\t\t\t\t<div class=\"elementor-widget-container\">\n\t\t\t\t\t\t\t\t\t<p>D\u00eda completo: Entrega entre las 8:00 y las 8:30 h. Recogida entre las 15:00 y las 17:00.<\/p>\t\t\t\t\t\t\t\t<\/div>\n\t\t\t\t<\/div>\n\t\t\t\t<div class=\"elementor-element elementor-element-eba34b3 elementor-widget elementor-widget-heading\" data-id=\"eba34b3\" data-element_type=\"widget\" data-e-type=\"widget\" data-widget_type=\"heading.default\">\n\t\t\t\t<div class=\"elementor-widget-container\">\n\t\t\t\t\t<h2 class=\"elementor-heading-title elementor-size-default\">Matr\u00edcula mensual del campamento de verano:<\/h2>\t\t\t\t<\/div>\n\t\t\t\t<\/div>\n\t\t<div class=\"elementor-element elementor-element-b9a4cbb e-con-full e-flex e-con e-child\" data-id=\"b9a4cbb\" data-element_type=\"container\" data-e-type=\"container\">\n\t\t<div class=\"elementor-element elementor-element-a4b6189 e-con-full e-flex e-con e-child\" data-id=\"a4b6189\" data-element_type=\"container\" data-e-type=\"container\">\n\t\t\t\t<div class=\"elementor-element elementor-element-761bc71 elementor-widget elementor-widget-price-table\" data-id=\"761bc71\" data-element_type=\"widget\" data-e-type=\"widget\" data-widget_type=\"price-table.default\">\n\t\t\t\t<div class=\"elementor-widget-container\">\n\t\t\t\t\t\n\t\t<div class=\"elementor-price-table\">\n\t\t\t\t\t\t\t<div class=\"elementor-price-table__header\">\n\t\t\t\t\t\t\t\t\t\t\t<h3 class=\"elementor-price-table__heading\">\n\t\t\t\t\t\t5 D\u00edas completos\t\t\t\t\t\t<\/h3>\n\t\t\t\t\t\n\t\t\t\t\t\t\t\t\t\t\t<span class=\"elementor-price-table__subheading\">\n\t\t\t\t\t\t\tMatr\u00edcula de d\u00eda completo (de 8 a 17 h)\t\t\t\t\t\t<\/span>\n\t\t\t\t\t\t\t\t\t<\/div>\n\t\t\t\n\t\t\t<div class=\"elementor-price-table__price\">\n\t\t\t\t\t\t\t\t<span class=\"elementor-price-table__currency\">&#036;<\/span>\t\t\t\t\t\t\t\t\t<span class=\"elementor-price-table__integer-part\">\n\t\t\t\t\t\t450\t\t\t\t\t<\/span>\n\t\t\t\t\n\t\t\t\t\n\t\t\t\t\n\t\t\t\t\t\t\t\t\t<span class=\"elementor-price-table__period elementor-typo-excluded\">Tarifa semanal<\/span>\t\t\t\t\t\t\t<\/div>\n\n\t\t\t\t\t\t\t<ul class=\"elementor-price-table__features-list\">\n\t\t\t\t\t\t\t\t\t\t\t<li class=\"elementor-repeater-item-053d1b6\">\n\t\t\t\t\t\t\t<div class=\"elementor-price-table__feature-inner\">\n\t\t\t\t\t\t\t\t<svg aria-hidden=\"true\" class=\"e-font-icon-svg e-far-check-circle\" viewBox=\"0 0 512 512\" xmlns=\"http:\/\/www.w3.org\/2000\/svg\"><path d=\"M256 8C119.033 8 8 119.033 8 256s111.033 248 248 248 248-111.033 248-248S392.967 8 256 8zm0 48c110.532 0 200 89.451 200 200 0 110.532-89.451 200-200 200-110.532 0-200-89.451-200-200 0-110.532 89.451-200 200-200m140.204 130.267l-22.536-22.718c-4.667-4.705-12.265-4.736-16.97-.068L215.346 303.697l-59.792-60.277c-4.667-4.705-12.265-4.736-16.97-.069l-22.719 22.536c-4.705 4.667-4.736 12.265-.068 16.971l90.781 91.516c4.667 4.705 12.265 4.736 16.97.068l172.589-171.204c4.704-4.668 4.734-12.266.067-16.971z\"><\/path><\/svg>\t\t\t\t\t\t\t\t\t\t\t\t\t\t\t\t\t<span >\n\t\t\t\t\t\t\t\t\t\tElemento de la lista n\u00ba 3\t\t\t\t\t\t\t\t\t<\/span>\n\t\t\t\t\t\t\t\t\t\t\t\t\t\t\t\t<\/div>\n\t\t\t\t\t\t<\/li>\n\t\t\t\t\t\t\t\t\t<\/ul>\n\t\t\t\n\t\t\t\t\t\t\t<div class=\"elementor-price-table__footer\">\n\t\t\t\t\t\t\t\t\t\t\t<a class=\"elementor-price-table__button elementor-button elementor-size-md\" href=\"#\">\n\t\t\t\t\t\t\tInscr\u00edbete en\t\t\t\t\t\t<\/a>\n\t\t\t\t\t\n\t\t\t\t\t\t\t\t\t<\/div>\n\t\t\t\t\t<\/div>\n\n\t\t\t\t\t\t<\/div>\n\t\t\t\t<\/div>\n\t\t\t\t<\/div>\n\t\t<div class=\"elementor-element elementor-element-b786071 e-con-full e-flex e-con e-child\" data-id=\"b786071\" data-element_type=\"container\" data-e-type=\"container\">\n\t\t\t\t<div class=\"elementor-element elementor-element-7c30889 elementor-widget elementor-widget-heading\" data-id=\"7c30889\" data-element_type=\"widget\" data-e-type=\"widget\" data-widget_type=\"heading.default\">\n\t\t\t\t<div class=\"elementor-widget-container\">\n\t\t\t\t\t<h2 class=\"elementor-heading-title elementor-size-default\">Tarifas semanales para julio y agosto<\/h2>\t\t\t\t<\/div>\n\t\t\t\t<\/div>\n\t\t\t\t<div class=\"elementor-element elementor-element-518742c elementor-widget elementor-widget-text-editor\" data-id=\"518742c\" data-element_type=\"widget\" data-e-type=\"widget\" data-widget_type=\"text-editor.default\">\n\t\t\t\t<div class=\"elementor-widget-container\">\n\t\t\t\t\t\t\t\t\t<p>El coste de la matr\u00edcula es simplemente la tarifa de oto\u00f1o para la matr\u00edcula semanal.<\/p><p>Almuerzo\/merienda: Est\u00e1n incluidos (igual que el a\u00f1o escolar)<\/p>\t\t\t\t\t\t\t\t<\/div>\n\t\t\t\t<\/div>\n\t\t\t\t<\/div>\n\t\t\t\t<\/div>\n\t\t<div class=\"elementor-element elementor-element-81df5ff e-con-full e-flex e-con e-child\" data-id=\"81df5ff\" data-element_type=\"container\" data-e-type=\"container\">\n\t\t<div class=\"elementor-element elementor-element-f4c405e e-con-full e-flex e-con e-child\" data-id=\"f4c405e\" data-element_type=\"container\" data-e-type=\"container\">\n\t\t\t\t<div class=\"elementor-element elementor-element-037e2f1 elementor-widget elementor-widget-price-table\" data-id=\"037e2f1\" data-element_type=\"widget\" data-e-type=\"widget\" data-widget_type=\"price-table.default\">\n\t\t\t\t<div class=\"elementor-widget-container\">\n\t\t\t\t\t\n\t\t<div class=\"elementor-price-table\">\n\t\t\t\t\t\t\t<div class=\"elementor-price-table__header\">\n\t\t\t\t\t\t\t\t\t\t\t<h3 class=\"elementor-price-table__heading\">\n\t\t\t\t\t\t5 D\u00edas completos\t\t\t\t\t\t<\/h3>\n\t\t\t\t\t\n\t\t\t\t\t\t\t\t\t\t\t<span class=\"elementor-price-table__subheading\">\n\t\t\t\t\t\t\tMatr\u00edcula de d\u00eda completo (de 8 a 17 h)\t\t\t\t\t\t<\/span>\n\t\t\t\t\t\t\t\t\t<\/div>\n\t\t\t\n\t\t\t<div class=\"elementor-price-table__price\">\n\t\t\t\t\t\t\t\t<span class=\"elementor-price-table__currency\">&#036;<\/span>\t\t\t\t\t\t\t\t\t<span class=\"elementor-price-table__integer-part\">\n\t\t\t\t\t\t425\t\t\t\t\t<\/span>\n\t\t\t\t\n\t\t\t\t\n\t\t\t\t\n\t\t\t\t\t\t\t\t\t<span class=\"elementor-price-table__period elementor-typo-excluded\">Por semana si te inscribes a las 7 semanas<\/span>\t\t\t\t\t\t\t<\/div>\n\n\t\t\t\t\t\t\t<ul class=\"elementor-price-table__features-list\">\n\t\t\t\t\t\t\t\t\t\t\t<li class=\"elementor-repeater-item-053d1b6\">\n\t\t\t\t\t\t\t<div class=\"elementor-price-table__feature-inner\">\n\t\t\t\t\t\t\t\t<svg aria-hidden=\"true\" class=\"e-font-icon-svg e-far-check-circle\" viewBox=\"0 0 512 512\" xmlns=\"http:\/\/www.w3.org\/2000\/svg\"><path d=\"M256 8C119.033 8 8 119.033 8 256s111.033 248 248 248 248-111.033 248-248S392.967 8 256 8zm0 48c110.532 0 200 89.451 200 200 0 110.532-89.451 200-200 200-110.532 0-200-89.451-200-200 0-110.532 89.451-200 200-200m140.204 130.267l-22.536-22.718c-4.667-4.705-12.265-4.736-16.97-.068L215.346 303.697l-59.792-60.277c-4.667-4.705-12.265-4.736-16.97-.069l-22.719 22.536c-4.705 4.667-4.736 12.265-.068 16.971l90.781 91.516c4.667 4.705 12.265 4.736 16.97.068l172.589-171.204c4.704-4.668 4.734-12.266.067-16.971z\"><\/path><\/svg>\t\t\t\t\t\t\t\t\t\t\t\t\t\t\t\t\t<span >\n\t\t\t\t\t\t\t\t\t\tElemento de la lista n\u00ba 3\t\t\t\t\t\t\t\t\t<\/span>\n\t\t\t\t\t\t\t\t\t\t\t\t\t\t\t\t<\/div>\n\t\t\t\t\t\t<\/li>\n\t\t\t\t\t\t\t\t\t<\/ul>\n\t\t\t\n\t\t\t\t\t\t\t<div class=\"elementor-price-table__footer\">\n\t\t\t\t\t\t\t\t\t\t\t<a class=\"elementor-price-table__button elementor-button elementor-size-md\" href=\"#\">\n\t\t\t\t\t\t\tInscr\u00edbete en\t\t\t\t\t\t<\/a>\n\t\t\t\t\t\n\t\t\t\t\t\t\t\t\t<\/div>\n\t\t\t\t\t<\/div>\n\n\t\t\t\t\t\t<\/div>\n\t\t\t\t<\/div>\n\t\t\t\t<\/div>\n\t\t<div class=\"elementor-element elementor-element-858d170 e-con-full e-flex e-con e-child\" data-id=\"858d170\" data-element_type=\"container\" data-e-type=\"container\">\n\t\t\t\t<div class=\"elementor-element elementor-element-4501942 elementor-widget elementor-widget-heading\" data-id=\"4501942\" data-element_type=\"widget\" data-e-type=\"widget\" data-widget_type=\"heading.default\">\n\t\t\t\t<div class=\"elementor-widget-container\">\n\t\t\t\t\t<h2 class=\"elementor-heading-title elementor-size-default\">PRECIOS DE MATR\u00cdCULA para el campamento de verano completo de 7 semanas en julio y agosto<\/h2>\t\t\t\t<\/div>\n\t\t\t\t<\/div>\n\t\t\t\t<div class=\"elementor-element elementor-element-9caf83d elementor-widget elementor-widget-text-editor\" data-id=\"9caf83d\" data-element_type=\"widget\" data-e-type=\"widget\" data-widget_type=\"text-editor.default\">\n\t\t\t\t<div class=\"elementor-widget-container\">\n\t\t\t\t\t\t\t\t\t<p>El coste de la matr\u00edcula es simplemente la tarifa de oto\u00f1o de la matr\u00edcula mensual. Esto supone un ahorro en comparaci\u00f3n con la tarifa semanal.<\/p><p>Almuerzo\/merienda: Est\u00e1n incluidos (igual que el a\u00f1o escolar)<\/p>\t\t\t\t\t\t\t\t<\/div>\n\t\t\t\t<\/div>\n\t\t\t\t<\/div>\n\t\t\t\t<\/div>\n\t\t\t\t\t<\/div>\n\t\t\t\t<\/div>\n\t\t<div class=\"elementor-element elementor-element-5da9fa4 e-flex e-con-boxed e-con e-parent\" data-id=\"5da9fa4\" data-element_type=\"container\" data-e-type=\"container\" data-settings=\"{&quot;background_background&quot;:&quot;classic&quot;}\">\n\t\t\t\t\t<div class=\"e-con-inner\">\n\t\t\t\t<div class=\"elementor-element elementor-element-8f4f434 elementor-widget elementor-widget-heading\" data-id=\"8f4f434\" data-element_type=\"widget\" data-e-type=\"widget\" data-widget_type=\"heading.default\">\n\t\t\t\t<div class=\"elementor-widget-container\">\n\t\t\t\t\t<h2 class=\"elementor-heading-title elementor-size-default\">Calendario de campamentos de verano<\/h2>\t\t\t\t<\/div>\n\t\t\t\t<\/div>\n\t\t\t\t<div class=\"elementor-element elementor-element-d2cd642 elementor-widget elementor-widget-text-editor\" data-id=\"d2cd642\" data-element_type=\"widget\" data-e-type=\"widget\" data-widget_type=\"text-editor.default\">\n\t\t\t\t<div class=\"elementor-widget-container\">\n\t\t\t\t\t\t\t\t\t<h3>Excavando en busca de dinosaurios y en la granja<\/h3>\t\t\t\t\t\t\t\t<\/div>\n\t\t\t\t<\/div>\n\t\t\t\t<div class=\"elementor-element elementor-element-bb6758d elementor-widget elementor-widget-shortcode\" data-id=\"bb6758d\" data-element_type=\"widget\" data-e-type=\"widget\" data-widget_type=\"shortcode.default\">\n\t\t\t\t<div class=\"elementor-widget-container\">\n\t\t\t\t\t\t\t<div class=\"elementor-shortcode\">\n<table id=\"tablepress-9\" class=\"tablepress tablepress-id-9\">\n<thead>\n<tr class=\"row-1\">\n\t<th class=\"column-1\">Digging for Dinosaurs<\/th><th class=\"column-2\">Down on the Farm<\/th>\n<\/tr>\n<\/thead>\n<tbody class=\"row-striping row-hover\">\n<tr class=\"row-2\">\n\t<td class=\"column-1\">Week 1: June 29th- July 3rd <\/td><td class=\"column-2\">Week 5: July 27th \u2013 July 31st  <\/td>\n<\/tr>\n<tr class=\"row-3\">\n\t<td class=\"column-1\">Week 2: July 6th \u2013 10th<\/td><td class=\"column-2\">Week 6: August 3rd \u2013 7th <\/td>\n<\/tr>\n<tr class=\"row-4\">\n\t<td class=\"column-1\">Week 3: July 13th \u2013 17th <\/td><td class=\"column-2\">Week 7: August 10th \u2013 14th <\/td>\n<\/tr>\n<tr class=\"row-5\">\n\t<td class=\"column-1\">Week 4: July 20th -  24th <\/td><td class=\"column-2\">School Closed: August 17th \u2013 August 28th <\/td>\n<\/tr>\n<\/tbody>\n<\/table>\n<!-- #tablepress-9 from cache --><\/div>\n\t\t\t\t\t\t<\/div>\n\t\t\t\t<\/div>\n\t\t\t\t<div class=\"elementor-element elementor-element-c207456 elementor-widget elementor-widget-text-editor\" data-id=\"c207456\" data-element_type=\"widget\" data-e-type=\"widget\" data-widget_type=\"text-editor.default\">\n\t\t\t\t<div class=\"elementor-widget-container\">\n\t\t\t\t\t\t\t\t\t<h3><strong>Otras notas:<\/strong><\/h3><ul><li>Se da prioridad a las familias retornadas.<\/li><li>Las solicitudes para los campamentos de verano se aceptan en el orden en que se reciben, por lo que te conviene entregarlas lo antes posible.<\/li><li>La matr\u00edcula vence el 1 de junio para los <strong>pagos de julio<\/strong> y el 1 de julio para <strong>los pagos de agosto.<\/strong><\/li><li><p><u>Pol\u00edtica de cancelaci\u00f3n<\/u>: Debes cancelar antes<sup>del 31 de<\/sup> mayo o deber\u00e1s toda la matr\u00edcula.<\/p><\/li><li>Ni\u00f1os en edad escolar: Los alumnos de preescolar de este a\u00f1o tambi\u00e9n pueden inscribirse en el campamento<\/li><\/ul>\t\t\t\t\t\t\t\t<\/div>\n\t\t\t\t<\/div>\n\t\t\t\t\t<\/div>\n\t\t\t\t<\/div>\n\t\t\t\t<\/div>\n\t\t","protected":false},"excerpt":{"rendered":"<p>Campamento de verano 2026 Solicitud Campamento de Verano 2026 Descargar solicitud aqu\u00ed Si tienes m\u00e1s preguntas, env\u00eda un correo electr\u00f3nico al centro elegido. Escuela Cully: teresa@aprendeconamigos.com Escuela Overlook: tuly@aprendeconamigos.com Acerca&#8230;<\/p>\n","protected":false},"author":7,"featured_media":0,"parent":0,"menu_order":0,"comment_status":"closed","ping_status":"closed","template":"elementor_header_footer","meta":{"jetpack_post_was_ever_published":false,"footnotes":""},"class_list":["post-3424","page","type-page","status-publish","hentry"],"jetpack_sharing_enabled":true,"jetpack_shortlink":"https:\/\/wp.me\/P6SqU3-Te","jetpack-related-posts":[{"id":3296,"url":"https:\/\/aprendeconamigos.com\/es\/campamento-de-verano\/","url_meta":{"origin":3424,"position":0},"title":"Campamento de verano","author":"admin","date":"16 de mayo de 2016","format":false,"excerpt":"Campamento de verano 2025 Aplicaci\u00f3n: 2025 Solicitud de Campamento de Verano Si tienes m\u00e1s preguntas, env\u00eda un correo electr\u00f3nico al centro elegido. Escuela Cully: teresa@aprendeconamigos.com Escuela Overlook: tuly@aprendeconamigos.com Sobre: En Aprende con Amigos nuestros campamentos de verano garantizan que los ni\u00f1os \"aprendan con amigos\" a trav\u00e9s de un entorno de\u2026","rel":"","context":"Entrada similar","block_context":{"text":"Entrada similar","link":""},"img":{"alt_text":"","src":"","width":0,"height":0},"classes":[]},{"id":3304,"url":"https:\/\/aprendeconamigos.com\/es\/calendario\/","url_meta":{"origin":3424,"position":1},"title":"Calendario","author":"Stacey Dunbar","date":"9 de agosto de 2017","format":false,"excerpt":"\u00a0 Calendario del curso escolar 2024-2025 Leyenda: Primer y \u00faltimo d\u00eda de clase Campamento de verano Semanas\/D\u00edas de cierre Conferencias-Media Jornada Desarrollo del personal cerrado \u00a0 Julio de 2024 Fechas Descripci\u00f3n Del 1 al 5 de julio Semana 1 del campamento (el d\u00eda 4 no hay campamento) Estudiantes 8-12 de\u2026","rel":"","context":"Entrada similar","block_context":{"text":"Entrada similar","link":""},"img":{"alt_text":"","src":"https:\/\/i0.wp.com\/aprendeconamigos.com\/wp-content\/uploads\/2024\/07\/Screenshot-2024-07-03-at-10.19.53-AM.png?resize=350%2C200","width":350,"height":200,"srcset":"https:\/\/i0.wp.com\/aprendeconamigos.com\/wp-content\/uploads\/2024\/07\/Screenshot-2024-07-03-at-10.19.53-AM.png?resize=350%2C200 1x, https:\/\/i0.wp.com\/aprendeconamigos.com\/wp-content\/uploads\/2024\/07\/Screenshot-2024-07-03-at-10.19.53-AM.png?resize=525%2C300 1.5x, https:\/\/i0.wp.com\/aprendeconamigos.com\/wp-content\/uploads\/2024\/07\/Screenshot-2024-07-03-at-10.19.53-AM.png?resize=700%2C400 2x, https:\/\/i0.wp.com\/aprendeconamigos.com\/wp-content\/uploads\/2024\/07\/Screenshot-2024-07-03-at-10.19.53-AM.png?resize=1050%2C600 3x, https:\/\/i0.wp.com\/aprendeconamigos.com\/wp-content\/uploads\/2024\/07\/Screenshot-2024-07-03-at-10.19.53-AM.png?resize=1400%2C800 4x"},"classes":[]},{"id":3340,"url":"https:\/\/aprendeconamigos.com\/es\/calendario-nuevo\/","url_meta":{"origin":3424,"position":2},"title":"Calendario","author":"amrit","date":"13 de julio de 2024","format":false,"excerpt":"Calendario del curso escolar 2024-2025 Leyenda: Primer y \u00faltimo d\u00eda de clase Campamento de verano Semanas\/D\u00edas de cierre Conferencias-Media Jornada Desarrollo del personal cerrado *Las vacaciones de febrero y abril pueden incluir d\u00edas de nieve tambi\u00e9n los lunes y martes, si es necesario. Julio de 2024 Agosto de 2024 Septiembre\u2026","rel":"","context":"Entrada similar","block_context":{"text":"Entrada similar","link":""},"img":{"alt_text":"","src":"https:\/\/i0.wp.com\/aprendeconamigos.com\/wp-content\/uploads\/2024\/07\/Screenshot-2024-07-03-at-10.19.53-AM.png?fit=1024%2C947&ssl=1&resize=350%2C200","width":350,"height":200,"srcset":"https:\/\/i0.wp.com\/aprendeconamigos.com\/wp-content\/uploads\/2024\/07\/Screenshot-2024-07-03-at-10.19.53-AM.png?fit=1024%2C947&ssl=1&resize=350%2C200 1x, https:\/\/i0.wp.com\/aprendeconamigos.com\/wp-content\/uploads\/2024\/07\/Screenshot-2024-07-03-at-10.19.53-AM.png?fit=1024%2C947&ssl=1&resize=525%2C300 1.5x, https:\/\/i0.wp.com\/aprendeconamigos.com\/wp-content\/uploads\/2024\/07\/Screenshot-2024-07-03-at-10.19.53-AM.png?fit=1024%2C947&ssl=1&resize=700%2C400 2x"},"classes":[]},{"id":3376,"url":"https:\/\/aprendeconamigos.com\/es\/","url_meta":{"origin":3424,"position":3},"title":"Inicio","author":"amrit","date":"13 de julio de 2024","format":false,"excerpt":"Preescolar de Inmersi\u00f3n en Espa\u00f1ol UBICACIONES EN LOS BARRIOS DE OVERLOOK Y CULLY DE PORTLAND, OREGON. INSCR\u00cdBETE AHORA RUTINA Servicios Premiere Proporcionar servicios preescolares de primera calidad que apoyen al ni\u00f1o en su totalidad: social, emocional, cognitiva y f\u00edsicamente, para garantizar que cada ni\u00f1o alcanza su potencial. Enriquecer a los\u2026","rel":"","context":"Entrada similar","block_context":{"text":"Entrada similar","link":""},"img":{"alt_text":"","src":"https:\/\/i0.wp.com\/aprendeconamigos.com\/wp-content\/uploads\/2024\/07\/Coworking-photo-scaled.jpg?fit=1024%2C683&ssl=1&resize=350%2C200","width":350,"height":200,"srcset":"https:\/\/i0.wp.com\/aprendeconamigos.com\/wp-content\/uploads\/2024\/07\/Coworking-photo-scaled.jpg?fit=1024%2C683&ssl=1&resize=350%2C200 1x, https:\/\/i0.wp.com\/aprendeconamigos.com\/wp-content\/uploads\/2024\/07\/Coworking-photo-scaled.jpg?fit=1024%2C683&ssl=1&resize=525%2C300 1.5x, https:\/\/i0.wp.com\/aprendeconamigos.com\/wp-content\/uploads\/2024\/07\/Coworking-photo-scaled.jpg?fit=1024%2C683&ssl=1&resize=700%2C400 2x"},"classes":[]},{"id":3335,"url":"https:\/\/aprendeconamigos.com\/es\/facultad-2\/","url_meta":{"origin":3424,"position":4},"title":"Facultad","author":"amrit","date":"13 de julio de 2024","format":false,"excerpt":"Stacey Dunbar Propietario La carrera docente de Stacey Dunbar abarca m\u00e1s de 25 a\u00f1os en el campo de la educaci\u00f3n. Nacida y criada en la zona de Chicago, sus valores del medio oeste, como el trabajo duro, la amabilidad y la valent\u00eda, siguen siendo la piedra angular de todos los\u2026","rel":"","context":"Entrada similar","block_context":{"text":"Entrada similar","link":""},"img":{"alt_text":"","src":"https:\/\/i0.wp.com\/aprendeconamigos.com\/wp-content\/uploads\/2024\/08\/SKP_3110-1-819x1024.jpg?resize=350%2C200","width":350,"height":200,"srcset":"https:\/\/i0.wp.com\/aprendeconamigos.com\/wp-content\/uploads\/2024\/08\/SKP_3110-1-819x1024.jpg?resize=350%2C200 1x, https:\/\/i0.wp.com\/aprendeconamigos.com\/wp-content\/uploads\/2024\/08\/SKP_3110-1-819x1024.jpg?resize=525%2C300 1.5x, https:\/\/i0.wp.com\/aprendeconamigos.com\/wp-content\/uploads\/2024\/08\/SKP_3110-1-819x1024.jpg?resize=700%2C400 2x"},"classes":[]},{"id":3292,"url":"https:\/\/aprendeconamigos.com\/es\/enfoque-educativo\/","url_meta":{"origin":3424,"position":5},"title":"Enfoque educativo","author":"admin","date":"8 de diciembre de 2014","format":false,"excerpt":"Nuestro enfoque pedag\u00f3gico en Aprende con Amigos se basa en diversas investigaciones, experiencias docentes y teor\u00edas, pero la teor\u00eda de las Inteligencias M\u00faltiples de Gardner est\u00e1 integrada en todo lo que hacemos. Su teor\u00eda identifica siete inteligencias: ling\u00fc\u00edstica, l\u00f3gico-matem\u00e1tica, musical, corporal-cinest\u00e9sica, espacial, interpersonal e intrapersonal. Aunque la mayor\u00eda de las\u2026","rel":"","context":"Entrada similar","block_context":{"text":"Entrada similar","link":""},"img":{"alt_text":"","src":"","width":0,"height":0},"classes":[]}],"_links":{"self":[{"href":"https:\/\/aprendeconamigos.com\/es\/wp-json\/wp\/v2\/pages\/3424","targetHints":{"allow":["GET"]}}],"collection":[{"href":"https:\/\/aprendeconamigos.com\/es\/wp-json\/wp\/v2\/pages"}],"about":[{"href":"https:\/\/aprendeconamigos.com\/es\/wp-json\/wp\/v2\/types\/page"}],"author":[{"embeddable":true,"href":"https:\/\/aprendeconamigos.com\/es\/wp-json\/wp\/v2\/users\/7"}],"replies":[{"embeddable":true,"href":"https:\/\/aprendeconamigos.com\/es\/wp-json\/wp\/v2\/comments?post=3424"}],"version-history":[{"count":0,"href":"https:\/\/aprendeconamigos.com\/es\/wp-json\/wp\/v2\/pages\/3424\/revisions"}],"wp:attachment":[{"href":"https:\/\/aprendeconamigos.com\/es\/wp-json\/wp\/v2\/media?parent=3424"}],"curies":[{"name":"wp","href":"https:\/\/api.w.org\/{rel}","templated":true}]}}